{"id":180,"date":"2021-05-19T09:38:48","date_gmt":"2021-05-19T09:38:48","guid":{"rendered":"http:\/\/40.69.60.126.nip.io\/de\/?page_id=180"},"modified":"2025-07-09T16:30:16","modified_gmt":"2025-07-09T16:30:16","slug":"terms-conditions","status":"publish","type":"page","link":"https:\/\/www.visufarma.com\/de\/terms-conditions\/","title":{"rendered":"Allgemeine Gesch\u00e4fts- bzw. Nutzungsbedingungen"},"content":{"rendered":"\n<h4 class=\"wp-block-heading\">Aktualisiert im Oktober 2016<\/h4>\n\n\n\n<h3 class=\"wp-block-heading\" style=\"color:#ee6430\">Bedingungen zur Website-Nutzung<\/h3>\n\n\n\n<p>Zusammen mit den nachfolgend aufgef\u00fchrten zus\u00e4tzlichen Richtlinien liefert Ihnen diese Seite Informationen zu den Bedingungen, unter denen Sie diese Website (nachfolgend unsere <strong>Website<\/strong> genannt) nutzen k\u00f6nnen. Lesen Sie bitte vor Beginn der Nutzung der Website diese Gesch\u00e4fts- bzw. Nutzungsbedingungen sorgf\u00e4ltig durch. Durch Verwendung unserer Website signalisieren Sie, dass Sie diese Gesch\u00e4fts- und Nutzungsbedingungen akzeptieren und einwilligen, diese Bedingungen einzuhalten. Sollten Sie mit diesen Nutzungsbedingungen nicht einverstanden sein, so bitten wir Sie, unsere Website nicht zu nutzen.<\/p>\n\n\n\n<p>Wir k\u00f6nnen diese Gesch\u00e4fts- bzw. Nutzungsbedingungen jederzeit \u00e4ndern, indem wir diese Seite bzw. die unten aufgef\u00fchrten zus\u00e4tzlichen Richtlinien aktualisieren. Sie sind angehalten, diese Seite sowie die unten genannten zus\u00e4tzlichen Richtlinien von Zeit zu Zeit zu pr\u00fcfen und etwaige von uns vorgenommene \u00c4nderungen zur Kenntnis zu nehmen, da diese f\u00fcr Sie bei Nutzung der Website verbindlich sind.<\/p>\n\n\n\n<p>Im Falle der Nutzung unserer Website Ihrerseits gelten zudem folgende Richtlinien:<\/p>\n\n\n\n<ul class=\"wp-block-list\">\n<li>Unsere <a href=\"https:\/\/www.visufarma.com\/de\/privacy-policy\/\">Datenschutzrichtlinie<\/a>, in der Informationen und Hinweise zur Art der Verarbeitung etwaiger von Ihnen bereitgestellter personenbezogener Daten enthalten sind.<\/li>\n\n\n\n<li>Unsere <a href=\"https:\/\/www.visufarma.com\/de\/cookies\/\">Cookie-Richtlinie<\/a>, in der Sie Informationen und Hinweise zur Verwendung von Cookies auf unserer Website finden.<\/li>\n<\/ul>\n\n\n\n<h3 class=\"wp-block-heading\" style=\"color:#ee6430\">\u00dcber uns<\/h3>\n\n\n\n<p>Unsere Website wird von der Firma VISUfarma BV (nachfolgend <strong>wir<\/strong> genannt) betrieben. Wir sind in den Niederlanden unter der Firmennummer 66220912 sowie unter folgendem eingetragenen Firmensitz registriert: Joop Geesinkweg 601 |\u00a01114 AB | Amsterdam- Duivendrecht | The Netherlands.<\/p>\n\n\n\n<h3 class=\"wp-block-heading\" style=\"color:#ee6430\">Zugriff auf unsere Website<\/h3>\n\n\n\n<p>Der Zugriff auf unsere Website ist auf zeitlich befristeter Basis gestattet, und wir behalten uns das Recht vor, die von uns auf unserer Website bereitgestellten Dienste oder Inhalte ohne vorherige Ank\u00fcndigung zu entfernen oder zu \u00e4ndern. Wir \u00fcbernehmen keine Zusicherung bzw. Garantie f\u00fcr die st\u00e4ndige Verf\u00fcgbarkeit unserer Website und k\u00f6nnen gelegentlich auch den Zugang zu Teilen unserer Website sowie auch zur gesamten Seite einschr\u00e4nken.<br>Sie d\u00fcrfen unsere Website nur f\u00fcr rechtm\u00e4\u00dfige Zwecke nutzen.<\/p>\n\n\n\n<h3 class=\"wp-block-heading\" style=\"color:#ee6430\">Geistige Eigentumsrechte<\/h3>\n\n\n\n<p>Wir sind Inhaber bzw. Lizenznehmer aller geistigen Eigentumsrechte an unserer Website und den auf dieser Seite ver\u00f6ffentlichten Materialien. Sofern nicht anderweitig auf Grundlage dieser Gesch\u00e4fts- bzw. Nutzungsbedingungen gestattet, d\u00fcrfen Sie auf unserer Website ver\u00f6ffentlichte Materialien weder vervielf\u00e4ltigen noch modifizieren, ab\u00e4ndern, ver\u00f6ffentlichen, weiterleiten, ver\u00e4u\u00dfern oder \u00fcbertragen. S\u00e4mtliche dieser Rechte unterliegen einem Eigentumsvorbehalt.<\/p>\n\n\n\n<p>Sie d\u00fcrfen eine Seite bzw. Seiten unserer Website auszugsweise ausdrucken, kopieren oder herunterladen, allerdings nur f\u00fcr den pers\u00f6nlichen bzw. nicht-gewerblichen Gebrauch sowie unter der Voraussetzung, dass unsere Website als Quelle dieser Materialien angegeben ist. Jegliche Art der Ver\u00e4nderung von in Papierform vorliegenden Kopien von Materialien, die Sie ausgedruckt oder kopiert haben, wie auch die Ver\u00e4nderung heruntergeladener digitaler Kopien sind nicht gestattet. Sofern Abbildungen, Fotos, Video- oder Audio-Sequenzen oder auch Graphiken vervielf\u00e4ltigt werden, ist auch der jeweils zugeh\u00f6rige Begleittext mit einzuf\u00fcgen.<\/p>\n\n\n\n<p>Erfolgt eine etwaige Vervielf\u00e4ltigung von Materialien unter Nichtbeachtung dieser Gesch\u00e4fts- bzw. Nutzungsbedingungen, so erlischt Ihr Recht auf Nutzung unserer Website unverz\u00fcglich, und Sie haben auf unsere Anweisung hin s\u00e4mtliche von Ihnen erstellten Kopien zur\u00fcckzugeben oder zu vernichten.<\/p>\n\n\n\n<h3 class=\"wp-block-heading\" style=\"color:#ee6430\">Verbindlichkeit der ver\u00f6ffentlichten Informationen<\/h3>\n\n\n\n<p>Die auf unserer Website ver\u00f6ffentlichten Informationen bzw. Materialien zielen in keiner Weise auf die Erbringung etwaiger f\u00fcr Sie verbindlicher oder verl\u00e4sslicher \u00e4rztlicher Beratungsdienstleistungen oder Empfehlungen ab. Wir \u00fcbernehmen weder gegen\u00fcber Ihnen noch gegen\u00fcber anderen \u00fcber die Inhalte unserer Website informierten Nutzern Haftung f\u00fcr einen verbindlichen Charakter solcher Informationen oder Materialien. F\u00fcr konkrete \u00e4rztliche bzw. medizinische Beratung sollte stets ein qualifizierter Arzt aufgesucht werden.<\/p>\n\n\n\n<p>Wir bem\u00fchen uns um eine regelm\u00e4\u00dfige Aktualisierung unserer Website; allerdings kann es mitunter vorkommen, dass die auf unserer Website befindlichen Informationen und Materialien nicht mehr aktuell sind. Wir unterliegen keinerlei Pflicht zur Aktualisierung solcher Materialien und geben keine Zusicherung oder Garantie in Bezug auf die Richtigkeit und Vollst\u00e4ndigkeit der betreffenden Materialien.<\/p>\n\n\n\n<h3 class=\"wp-block-heading\" style=\"color:#ee6430\">Links auf unserer Website<\/h3>\n\n\n\n<p>\u00dcberall dort, wo unsere Website Links auf andere Websites, Quellen oder Materialien Dritter enth\u00e4lt, werden Ihnen diese Links zu reinen Informationszwecken bereitgestellt. Bitte lesen Sie die Gesch\u00e4fts- und Nutzungsbedingungen sowie die Datenschutzrichtlinien auf s\u00e4mtlichen Internetseiten Dritter, auf die Sie \u00fcber diese Links gelangen.<\/p>\n\n\n\n<p>Beachten Sie bitte zudem, dass wir keinerlei Einfluss auf die Inhalte der verlinkten Websites, Quellen und Materialien haben und wir keine Verantwortung f\u00fcr die dort enthaltenen Informationen und Anschauungen \u00fcbernehmen.<\/p>\n\n\n\n<h3 class=\"wp-block-heading\" style=\"color:#ee6430\">Gerichtsstand und geltendes Recht<\/h3>\n\n\n\n<p>Sofern Sie Verbraucher sind, so beachten Sie bitte, dass diese Gesch\u00e4fts- bzw. Nutzungsbedingungen englischem Recht unterliegen. Dies bedeutet, dass sowohl jegliche Nutzungsbedingungen als auch etwaige aus oder im Zusammenhang mit diesen Bedingungen resultierenden Rechtsstreitigkeiten oder Anspr\u00fcche (einschlie\u00dflich etwaiger au\u00dfervertraglicher Rechtsstreitigkeiten oder Anspr\u00fcche) durch englisches Recht geregelt werden. Zwischen Ihnen und uns besteht Einigkeit dar\u00fcber, dass die nicht-ausschlie\u00dfliche Zust\u00e4ndigkeit bei den Gerichten von England und Wales liegt.<\/p>\n\n\n\n<p>Sollten Sie ein Firmenkunde sein, so unterliegen diese Gesch\u00e4fts- bzw. Nutzungsbedingungen englischem Recht. Dies bedeutet, dass sowohl diese Gesch\u00e4fts- bzw. Nutzungsbedingungen als auch etwaige aus oder im Zusammenhang mit diesen Bedingungen oder dem Gegenstand bzw. Abschluss eines Vertrages zwischen uns resultierenden Rechtsstreitigkeiten oder Anspr\u00fcche (einschlie\u00dflich etwaiger au\u00dfervertraglicher Rechtsstreitigkeiten oder Anspr\u00fcche) durch englisches Recht geregelt werden.<\/p>\n\n\n\n<p>Sollten Sie ein Firmenkunde sein, so unterliegen diese Gesch\u00e4fts- bzw. Nutzungsbedingungen englischem Recht . Dies bedeutet, dass sowohl diese Gesch\u00e4fts- bzw. Nutzungsbedingungen als auch etwaige aus oder im Zusammenhang mit diesen Bedingungen oder dem Gegenstand bzw. Abschluss eines Vertrages zwischen uns resultierenden Rechtsstreitigkeiten oder Anspr\u00fcche (einschlie\u00dflich etwaiger au\u00dfervertraglicher Rechtsstreitigkeiten oder Anspr\u00fcche) durch englisches Recht geregelt werden.<\/p>\n\n\n\n<p>Dabei erkennen beide Seiten an, dass die ausschlie\u00dfliche Zust\u00e4ndigkeit bei den Gerichten von England und Wales liegt.<\/p>\n\n\n\n<hr class=\"wp-block-separator has-alpha-channel-opacity\"\/>\n\n\n\n<h2 class=\"wp-block-heading\">Impressum<\/h2>\n\n\n\n<h3 class=\"wp-block-heading\" style=\"color:#ee6430\">Domain-Name der Website<\/h3>\n\n\n\n<p><a href=\"http:\/\/www.visufarma.com\">www.visufarma.com<\/a><\/p>\n\n\n\n<h3 class=\"wp-block-heading\" style=\"color:#ee6430\">Inhaber und Herausgeber der Website<\/h3>\n\n\n\n<p><strong>VISUfarma B.V.<\/strong><strong><\/strong><\/p>\n\n\n\n<p>Rembrandt Tower, 11. Etage, Amstelplein 1, 1096 HA Amsterdam, Niederlande<\/p>\n\n\n\n<p>USt.-ID: NL856448977B01<\/p>\n\n\n\n<h3 class=\"wp-block-heading\" style=\"color:#ee6430\">Angaben zum Datenhosting<\/h3>\n\n\n\n<p>Firmenname: Artery Media Ltd.<\/p>\n\n\n\n<p>Adresse: 114 Holmhirst Road, Sheffield S8 0GX (Vereinigtes K\u00f6nigreich)<\/p>\n\n\n\n<p>Telefon: +44 114 3602365<a href=\"https:\/\/www.e-recht24.de\/\" target=\"_blank\" rel=\"noopener\"><\/a><\/p>\n","protected":false},"excerpt":{"rendered":"<p>Aktualisiert im Oktober 2016 Bedingungen zur Website-Nutzung Zusammen mit den nachfolgend aufgef\u00fchrten zus\u00e4tzlichen Richtlinien liefert Ihnen diese Seite Informationen zu den Bedingungen, unter denen Sie diese Website (nachfolgend unsere Website genannt) nutzen k\u00f6nnen. Lesen Sie bitte vor Beginn der Nutzung der Website diese Gesch\u00e4fts- bzw. Nutzungsbedingungen sorgf\u00e4ltig durch. Durch Verwendung unserer Website signalisieren Sie, dass [&hellip;]<\/p>\n","protected":false},"author":16,"featured_media":0,"parent":0,"menu_order":0,"comment_status":"closed","ping_status":"closed","template":"","meta":{"_acf_changed":false,"footnotes":""},"class_list":["post-180","page","type-page","status-publish","hentry"],"acf":[],"yoast_head":"<!-- This site is optimized with the Yoast SEO plugin v26.5 - https:\/\/yoast.com\/wordpress\/plugins\/seo\/ -->\r\n<title>Allgemeine Gesch\u00e4fts- bzw. Nutzungsbedingungen - VISUfarma DE<\/title>\r\n<meta name=\"robots\" content=\"index, follow, max-snippet:-1, max-image-preview:large, max-video-preview:-1\" \/>\r\n<link rel=\"canonical\" href=\"https:\/\/www.visufarma.com\/de\/terms-conditions\/\" \/>\r\n<meta property=\"og:locale\" content=\"de_DE\" \/>\r\n<meta property=\"og:type\" content=\"article\" \/>\r\n<meta property=\"og:title\" content=\"Allgemeine Gesch\u00e4fts- bzw. Nutzungsbedingungen - VISUfarma DE\" \/>\r\n<meta property=\"og:description\" content=\"Aktualisiert im Oktober 2016 Bedingungen zur Website-Nutzung Zusammen mit den nachfolgend aufgef\u00fchrten zus\u00e4tzlichen Richtlinien liefert Ihnen diese Seite Informationen zu den Bedingungen, unter denen Sie diese Website (nachfolgend unsere Website genannt) nutzen k\u00f6nnen. Lesen Sie bitte vor Beginn der Nutzung der Website diese Gesch\u00e4fts- bzw. Nutzungsbedingungen sorgf\u00e4ltig durch. Durch Verwendung unserer Website signalisieren Sie, dass [&hellip;]\" \/>\r\n<meta property=\"og:url\" content=\"https:\/\/www.visufarma.com\/de\/terms-conditions\/\" \/>\r\n<meta property=\"og:site_name\" content=\"VISUfarma DE\" \/>\r\n<meta property=\"article:modified_time\" content=\"2025-07-09T16:30:16+00:00\" \/>\r\n<meta name=\"twitter:card\" content=\"summary_large_image\" \/>\r\n<meta name=\"twitter:label1\" content=\"Est. reading time\" \/>\n\t<meta name=\"twitter:data1\" content=\"6 minutes\" \/>\r\n<script type=\"application\/ld+json\" class=\"yoast-schema-graph\">{\"@context\":\"https:\/\/schema.org\",\"@graph\":[{\"@type\":\"WebPage\",\"@id\":\"https:\/\/www.visufarma.com\/de\/terms-conditions\/\",\"url\":\"https:\/\/www.visufarma.com\/de\/terms-conditions\/\",\"name\":\"Allgemeine Gesch\u00e4fts- bzw. Nutzungsbedingungen - VISUfarma DE\",\"isPartOf\":{\"@id\":\"https:\/\/www.visufarma.com\/de\/#website\"},\"datePublished\":\"2021-05-19T09:38:48+00:00\",\"dateModified\":\"2025-07-09T16:30:16+00:00\",\"breadcrumb\":{\"@id\":\"https:\/\/www.visufarma.com\/de\/terms-conditions\/#breadcrumb\"},\"inLanguage\":\"de-DE\",\"potentialAction\":[{\"@type\":\"ReadAction\",\"target\":[\"https:\/\/www.visufarma.com\/de\/terms-conditions\/\"]}]},{\"@type\":\"BreadcrumbList\",\"@id\":\"https:\/\/www.visufarma.com\/de\/terms-conditions\/#breadcrumb\",\"itemListElement\":[{\"@type\":\"ListItem\",\"position\":1,\"name\":\"Home\",\"item\":\"https:\/\/www.visufarma.com\/de\/\"},{\"@type\":\"ListItem\",\"position\":2,\"name\":\"Allgemeine Gesch\u00e4fts- bzw. Nutzungsbedingungen\"}]},{\"@type\":\"WebSite\",\"@id\":\"https:\/\/www.visufarma.com\/de\/#website\",\"url\":\"https:\/\/www.visufarma.com\/de\/\",\"name\":\"VISUfarma DE\",\"description\":\"\",\"potentialAction\":[{\"@type\":\"SearchAction\",\"target\":{\"@type\":\"EntryPoint\",\"urlTemplate\":\"https:\/\/www.visufarma.com\/de\/?s={search_term_string}\"},\"query-input\":{\"@type\":\"PropertyValueSpecification\",\"valueRequired\":true,\"valueName\":\"search_term_string\"}}],\"inLanguage\":\"de-DE\"}]}<\/script>\r\n<!-- \/ Yoast SEO plugin. -->","yoast_head_json":{"title":"Allgemeine Gesch\u00e4fts- bzw. Nutzungsbedingungen - VISUfarma DE","robots":{"index":"index","follow":"follow","max-snippet":"max-snippet:-1","max-image-preview":"max-image-preview:large","max-video-preview":"max-video-preview:-1"},"canonical":"https:\/\/www.visufarma.com\/de\/terms-conditions\/","og_locale":"de_DE","og_type":"article","og_title":"Allgemeine Gesch\u00e4fts- bzw. Nutzungsbedingungen - VISUfarma DE","og_description":"Aktualisiert im Oktober 2016 Bedingungen zur Website-Nutzung Zusammen mit den nachfolgend aufgef\u00fchrten zus\u00e4tzlichen Richtlinien liefert Ihnen diese Seite Informationen zu den Bedingungen, unter denen Sie diese Website (nachfolgend unsere Website genannt) nutzen k\u00f6nnen. Lesen Sie bitte vor Beginn der Nutzung der Website diese Gesch\u00e4fts- bzw. Nutzungsbedingungen sorgf\u00e4ltig durch. Durch Verwendung unserer Website signalisieren Sie, dass [&hellip;]","og_url":"https:\/\/www.visufarma.com\/de\/terms-conditions\/","og_site_name":"VISUfarma DE","article_modified_time":"2025-07-09T16:30:16+00:00","twitter_card":"summary_large_image","twitter_misc":{"Est. reading time":"6 minutes"},"schema":{"@context":"https:\/\/schema.org","@graph":[{"@type":"WebPage","@id":"https:\/\/www.visufarma.com\/de\/terms-conditions\/","url":"https:\/\/www.visufarma.com\/de\/terms-conditions\/","name":"Allgemeine Gesch\u00e4fts- bzw. Nutzungsbedingungen - VISUfarma DE","isPartOf":{"@id":"https:\/\/www.visufarma.com\/de\/#website"},"datePublished":"2021-05-19T09:38:48+00:00","dateModified":"2025-07-09T16:30:16+00:00","breadcrumb":{"@id":"https:\/\/www.visufarma.com\/de\/terms-conditions\/#breadcrumb"},"inLanguage":"de-DE","potentialAction":[{"@type":"ReadAction","target":["https:\/\/www.visufarma.com\/de\/terms-conditions\/"]}]},{"@type":"BreadcrumbList","@id":"https:\/\/www.visufarma.com\/de\/terms-conditions\/#breadcrumb","itemListElement":[{"@type":"ListItem","position":1,"name":"Home","item":"https:\/\/www.visufarma.com\/de\/"},{"@type":"ListItem","position":2,"name":"Allgemeine Gesch\u00e4fts- bzw. Nutzungsbedingungen"}]},{"@type":"WebSite","@id":"https:\/\/www.visufarma.com\/de\/#website","url":"https:\/\/www.visufarma.com\/de\/","name":"VISUfarma DE","description":"","potentialAction":[{"@type":"SearchAction","target":{"@type":"EntryPoint","urlTemplate":"https:\/\/www.visufarma.com\/de\/?s={search_term_string}"},"query-input":{"@type":"PropertyValueSpecification","valueRequired":true,"valueName":"search_term_string"}}],"inLanguage":"de-DE"}]}},"_links":{"self":[{"href":"https:\/\/www.visufarma.com\/de\/wp-json\/wp\/v2\/pages\/180","targetHints":{"allow":["GET"]}}],"collection":[{"href":"https:\/\/www.visufarma.com\/de\/wp-json\/wp\/v2\/pages"}],"about":[{"href":"https:\/\/www.visufarma.com\/de\/wp-json\/wp\/v2\/types\/page"}],"author":[{"embeddable":true,"href":"https:\/\/www.visufarma.com\/de\/wp-json\/wp\/v2\/users\/16"}],"replies":[{"embeddable":true,"href":"https:\/\/www.visufarma.com\/de\/wp-json\/wp\/v2\/comments?post=180"}],"version-history":[{"count":10,"href":"https:\/\/www.visufarma.com\/de\/wp-json\/wp\/v2\/pages\/180\/revisions"}],"predecessor-version":[{"id":1573,"href":"https:\/\/www.visufarma.com\/de\/wp-json\/wp\/v2\/pages\/180\/revisions\/1573"}],"wp:attachment":[{"href":"https:\/\/www.visufarma.com\/de\/wp-json\/wp\/v2\/media?parent=180"}],"curies":[{"name":"wp","href":"https:\/\/api.w.org\/{rel}","templated":true}]}}