{"id":179,"date":"2021-05-26T14:51:46","date_gmt":"2021-05-26T14:51:46","guid":{"rendered":"http:\/\/40.69.60.126.nip.io\/sp\/?page_id=179"},"modified":"2021-07-02T14:31:28","modified_gmt":"2021-07-02T14:31:28","slug":"cookies","status":"publish","type":"page","link":"https:\/\/www.visufarma.com\/es\/cookies\/","title":{"rendered":"Cookies"},"content":{"rendered":"\n<h2 class=\"wp-block-heading\"><strong><strong>Pol\u00edtica de Cookies de VISUfarma<\/strong><\/strong><\/h2>\n\n\n\n<h3 class=\"wp-block-heading\"><strong><strong>\u00bfQu\u00e9 significan los t\u00e9rminos de esta Declaraci\u00f3n de Privacidad?<\/strong><\/strong><\/h3>\n\n\n\n<h1 class=\"wp-block-heading\"><strong>Cookies<\/strong><\/h1>\n\n\n\n<p>Actualizada en abril de 2021<\/p>\n\n\n\n<h3 class=\"wp-block-heading\"><strong><strong>Pol\u00edtica de Cookies<\/strong><\/strong><\/h3>\n\n\n\n<p>Esta Pol\u00edtica de Cookies explica c\u00f3mo y por qu\u00e9 utilizamos cookies en nuestro sitio web. Por decirlo brevemente, las cookies nos ayudan a prestar nuestros servicios. Rogamos lea atentamente esta pol\u00edtica de cookies antes de empezar a utilizar nuestra web. Si contin\u00faa navegando, usted confirma su aceptaci\u00f3n de nuestro uso de cookies. Si no desea que se guarden las cookies en su dispositivo mientras utiliza nuestra web, puede modificar la configuraci\u00f3n de su navegador para restringir o bloquear las cookies. Sin embargo, recuerde que esto podr\u00eda afectar a su experiencia en nuestro sitio web.<\/p>\n\n\n\n<h3 class=\"wp-block-heading\"><strong><strong>\u00bfQu\u00e9 son las cookies?<\/strong><\/strong><\/h3>\n\n\n\n<p>Las cookies son peque\u00f1os archivos que se descargan en su ordenador cuando visita un sitio web. Las cookies permiten que el sitio web pueda reconocer su ordenador y distinguirle entre otros usuarios mediante la lectura del contenido de la cookie cada vez que visita el sitio web. Permiten que los sitios web puedan mejorar las experiencias de sus usuarios, as\u00ed como proporcionar informaci\u00f3n comercial y de marketing al propietario de la web.<\/p>\n\n\n\n<h3 class=\"wp-block-heading\"><strong><strong>\u00bfQu\u00e9 tipos de cookies utilizamos?<\/strong><\/strong><\/h3>\n\n\n\n<ul class=\"wp-block-list\"><li>Cookies estrictamente necesarias: estas cookies son necesarias para gestionar un sitio web y para que usted pueda utilizar sus caracter\u00edsticas.<\/li><li>Cookies de rendimiento: estas cookies recogen informaci\u00f3n sobre los visitantes del sitio web; por ejemplo, cu\u00e1ntos visitantes acceden a nuestra web y qu\u00e9 p\u00e1ginas visitan. Estas cookies se utilizan para mejorar nuestra web de cara a los futuros visitantes.<\/li><li>Cookies de personalizaci\u00f3n: estas cookies nos permiten acordarnos de usted y de sus preferencias cuando vuelva a visitar nuestra web; por ejemplo, el idioma elegido o desde d\u00f3nde se conecta. Estas cookies nos ayudan a personalizar su experiencia en nuestra web.<\/li><li>Cookies de preferencias: utilizamos estas cookies para que el contenido mostrado en nuestros sitios web concuerde con sus intereses.<\/li><\/ul>\n\n\n\n<h3 class=\"wp-block-heading\"><strong><strong>Cookies de terceros<\/strong><\/strong><\/h3>\n\n\n\n<p>Recuerde que los sitios web de terceros a los que usted accede a trav\u00e9s de los enlaces que aparecen en nuestra web tambi\u00e9n pueden utilizar cookies. El uso de las cookies de terceros se escapa a nuestro control. Le recomendamos que lea las pol\u00edticas de cookies de los sitios web de terceros a los que haya accedido a trav\u00e9s de nuestros enlaces.<\/p>\n\n\n\n<h3 class=\"wp-block-heading\"><strong><strong>M\u00e1s informaci\u00f3n<\/strong><\/strong><\/h3>\n\n\n\n<p>En la tabla mostrada a continuaci\u00f3n encontrar\u00e1 m\u00e1s informaci\u00f3n sobre las cookies individuales que utilizamos y sus finalidades:<\/p>\n\n\n\n<figure class=\"wp-block-table\"><table><tbody><tr><td><strong>Nombre de la cookie<\/strong><\/td><td><strong>Tiempo de caducidad<\/strong><\/td><td><strong>Descripci\u00f3n<\/strong><\/td><\/tr><tr><td>_icl_current_language<\/td><td>1 d\u00eda<\/td><td>Guarda el idioma preferido por el usuario en el sitio web<\/td><\/tr><tr><td>wpml_referer_url<\/td><td>Fin de la sesi\u00f3n del navegador<\/td><td>Necesaria para conservar los ajustes de idioma en todas las p\u00e1ginas del sitio web<\/td><\/tr><tr><td>_ga<\/td><td>2 a\u00f1os<\/td><td>Google Analytics: se utiliza para distinguir a los usuarios<\/td><\/tr><tr><td>_gat<\/td><td>1 d\u00eda<\/td><td>Google Analytics: acelera la velocidad de las peticiones<\/td><\/tr><tr><td>_gid<\/td><td>1 d\u00eda<\/td><td>Google Analytics: guarda un ID \u00fanico que genera datos estad\u00edsticos sobre el uso que hace el visitante del sitio web<\/td><\/tr><tr><td>lang<\/td><td>1 d\u00eda<\/td><td>LinkedIn: recuerda el sitio web en el idioma elegido por el usuario<\/td><\/tr><tr><td>AnalyticsSyncHistory<\/td><td>30 days<\/td><td>30 d\u00edas LinkedIn: permite sincronizar los datos con un servicio de an\u00e1lisis de terceros<\/td><\/tr><tr><td>bcookie<\/td><td>2 a\u00f1os<\/td><td>LinkedIn: cookie de identificaci\u00f3n del navegador. Identifica de forma \u00fanica los dispositivos que acceden a LinkedIn para detectar abusos en la plataforma<\/td><\/tr><tr><td>bscookie<\/td><td>2 a\u00f1os<\/td><td>2 a\u00f1os LinkedIn: guarda el estado de doble autenticaci\u00f3n del usuario conectado<\/td><\/tr><tr><td>lidc<\/td><td>1 d\u00eda<\/td><td>LinkedIn: optimiza la selecci\u00f3n del centro de datos<\/td><\/tr><tr><td>UserMatchHistory<\/td><td>30 d\u00edas<\/td><td>30 d\u00edas Sincronizaci\u00f3n de ID de anuncios en LinkedIn<\/td><\/tr><\/tbody><\/table><\/figure>\n\n\n\n<h3 class=\"wp-block-heading\"><strong><strong>Gestionar sus configuraciones<\/strong><\/strong><\/h3>\n\n\n\n<p>Encontrar\u00e1 m\u00e1s informaci\u00f3n sobre c\u00f3mo gestionar las cookies en la funci\u00f3n Ayuda de su navegador, en los ajustes de su dispositivo m\u00f3vil o en la web www.aboutcookies.org, que ofrece informaci\u00f3n detallada sobre la gesti\u00f3n de las cookies en los navegadores m\u00e1s conocidos. Recuerde que si desactiva las cookies es probable que nuestros sitios web no funcionen correctamente.<\/p>\n","protected":false},"excerpt":{"rendered":"<p>Pol\u00edtica de Cookies de VISUfarma \u00bfQu\u00e9 significan los t\u00e9rminos de esta Declaraci\u00f3n de Privacidad? Cookies Actualizada en abril de 2021 Pol\u00edtica de Cookies Esta Pol\u00edtica de Cookies explica c\u00f3mo y por qu\u00e9 utilizamos cookies en nuestro sitio web. Por decirlo brevemente, las cookies nos ayudan a prestar nuestros servicios. Rogamos lea atentamente esta pol\u00edtica de [&hellip;]<\/p>\n","protected":false},"author":16,"featured_media":0,"parent":0,"menu_order":0,"comment_status":"closed","ping_status":"closed","template":"","meta":{"_acf_changed":false,"footnotes":""},"class_list":["post-179","page","type-page","status-publish","hentry"],"acf":[],"yoast_head":"<!-- This site is optimized with the Yoast SEO plugin v26.5 - https:\/\/yoast.com\/wordpress\/plugins\/seo\/ -->\r\n<title>Cookies - VISUfarma ES<\/title>\r\n<meta name=\"robots\" content=\"index, follow, max-snippet:-1, max-image-preview:large, max-video-preview:-1\" \/>\r\n<link rel=\"canonical\" href=\"https:\/\/www.visufarma.com\/es\/cookies\/\" \/>\r\n<meta property=\"og:locale\" content=\"es_ES\" \/>\r\n<meta property=\"og:type\" content=\"article\" \/>\r\n<meta property=\"og:title\" content=\"Cookies - VISUfarma ES\" \/>\r\n<meta property=\"og:description\" content=\"Pol\u00edtica de Cookies de VISUfarma \u00bfQu\u00e9 significan los t\u00e9rminos de esta Declaraci\u00f3n de Privacidad? Cookies Actualizada en abril de 2021 Pol\u00edtica de Cookies Esta Pol\u00edtica de Cookies explica c\u00f3mo y por qu\u00e9 utilizamos cookies en nuestro sitio web. Por decirlo brevemente, las cookies nos ayudan a prestar nuestros servicios. Rogamos lea atentamente esta pol\u00edtica de [&hellip;]\" \/>\r\n<meta property=\"og:url\" content=\"https:\/\/www.visufarma.com\/es\/cookies\/\" \/>\r\n<meta property=\"og:site_name\" content=\"VISUfarma ES\" \/>\r\n<meta property=\"article:modified_time\" content=\"2021-07-02T14:31:28+00:00\" \/>\r\n<meta name=\"twitter:card\" content=\"summary_large_image\" \/>\r\n<meta name=\"twitter:label1\" content=\"Est. reading time\" \/>\n\t<meta name=\"twitter:data1\" content=\"3 minutes\" \/>\r\n<script type=\"application\/ld+json\" class=\"yoast-schema-graph\">{\"@context\":\"https:\/\/schema.org\",\"@graph\":[{\"@type\":\"WebPage\",\"@id\":\"https:\/\/www.visufarma.com\/es\/cookies\/\",\"url\":\"https:\/\/www.visufarma.com\/es\/cookies\/\",\"name\":\"Cookies - VISUfarma ES\",\"isPartOf\":{\"@id\":\"https:\/\/www.visufarma.com\/es\/#website\"},\"datePublished\":\"2021-05-26T14:51:46+00:00\",\"dateModified\":\"2021-07-02T14:31:28+00:00\",\"breadcrumb\":{\"@id\":\"https:\/\/www.visufarma.com\/es\/cookies\/#breadcrumb\"},\"inLanguage\":\"es-ES\",\"potentialAction\":[{\"@type\":\"ReadAction\",\"target\":[\"https:\/\/www.visufarma.com\/es\/cookies\/\"]}]},{\"@type\":\"BreadcrumbList\",\"@id\":\"https:\/\/www.visufarma.com\/es\/cookies\/#breadcrumb\",\"itemListElement\":[{\"@type\":\"ListItem\",\"position\":1,\"name\":\"Home\",\"item\":\"https:\/\/www.visufarma.com\/es\/\"},{\"@type\":\"ListItem\",\"position\":2,\"name\":\"Cookies\"}]},{\"@type\":\"WebSite\",\"@id\":\"https:\/\/www.visufarma.com\/es\/#website\",\"url\":\"https:\/\/www.visufarma.com\/es\/\",\"name\":\"VISUfarma ES\",\"description\":\"\",\"potentialAction\":[{\"@type\":\"SearchAction\",\"target\":{\"@type\":\"EntryPoint\",\"urlTemplate\":\"https:\/\/www.visufarma.com\/es\/?s={search_term_string}\"},\"query-input\":{\"@type\":\"PropertyValueSpecification\",\"valueRequired\":true,\"valueName\":\"search_term_string\"}}],\"inLanguage\":\"es-ES\"}]}<\/script>\r\n<!-- \/ Yoast SEO plugin. -->","yoast_head_json":{"title":"Cookies - VISUfarma ES","robots":{"index":"index","follow":"follow","max-snippet":"max-snippet:-1","max-image-preview":"max-image-preview:large","max-video-preview":"max-video-preview:-1"},"canonical":"https:\/\/www.visufarma.com\/es\/cookies\/","og_locale":"es_ES","og_type":"article","og_title":"Cookies - VISUfarma ES","og_description":"Pol\u00edtica de Cookies de VISUfarma \u00bfQu\u00e9 significan los t\u00e9rminos de esta Declaraci\u00f3n de Privacidad? Cookies Actualizada en abril de 2021 Pol\u00edtica de Cookies Esta Pol\u00edtica de Cookies explica c\u00f3mo y por qu\u00e9 utilizamos cookies en nuestro sitio web. Por decirlo brevemente, las cookies nos ayudan a prestar nuestros servicios. Rogamos lea atentamente esta pol\u00edtica de [&hellip;]","og_url":"https:\/\/www.visufarma.com\/es\/cookies\/","og_site_name":"VISUfarma ES","article_modified_time":"2021-07-02T14:31:28+00:00","twitter_card":"summary_large_image","twitter_misc":{"Est. reading time":"3 minutes"},"schema":{"@context":"https:\/\/schema.org","@graph":[{"@type":"WebPage","@id":"https:\/\/www.visufarma.com\/es\/cookies\/","url":"https:\/\/www.visufarma.com\/es\/cookies\/","name":"Cookies - VISUfarma ES","isPartOf":{"@id":"https:\/\/www.visufarma.com\/es\/#website"},"datePublished":"2021-05-26T14:51:46+00:00","dateModified":"2021-07-02T14:31:28+00:00","breadcrumb":{"@id":"https:\/\/www.visufarma.com\/es\/cookies\/#breadcrumb"},"inLanguage":"es-ES","potentialAction":[{"@type":"ReadAction","target":["https:\/\/www.visufarma.com\/es\/cookies\/"]}]},{"@type":"BreadcrumbList","@id":"https:\/\/www.visufarma.com\/es\/cookies\/#breadcrumb","itemListElement":[{"@type":"ListItem","position":1,"name":"Home","item":"https:\/\/www.visufarma.com\/es\/"},{"@type":"ListItem","position":2,"name":"Cookies"}]},{"@type":"WebSite","@id":"https:\/\/www.visufarma.com\/es\/#website","url":"https:\/\/www.visufarma.com\/es\/","name":"VISUfarma ES","description":"","potentialAction":[{"@type":"SearchAction","target":{"@type":"EntryPoint","urlTemplate":"https:\/\/www.visufarma.com\/es\/?s={search_term_string}"},"query-input":{"@type":"PropertyValueSpecification","valueRequired":true,"valueName":"search_term_string"}}],"inLanguage":"es-ES"}]}},"_links":{"self":[{"href":"https:\/\/www.visufarma.com\/es\/wp-json\/wp\/v2\/pages\/179","targetHints":{"allow":["GET"]}}],"collection":[{"href":"https:\/\/www.visufarma.com\/es\/wp-json\/wp\/v2\/pages"}],"about":[{"href":"https:\/\/www.visufarma.com\/es\/wp-json\/wp\/v2\/types\/page"}],"author":[{"embeddable":true,"href":"https:\/\/www.visufarma.com\/es\/wp-json\/wp\/v2\/users\/16"}],"replies":[{"embeddable":true,"href":"https:\/\/www.visufarma.com\/es\/wp-json\/wp\/v2\/comments?post=179"}],"version-history":[{"count":5,"href":"https:\/\/www.visufarma.com\/es\/wp-json\/wp\/v2\/pages\/179\/revisions"}],"predecessor-version":[{"id":641,"href":"https:\/\/www.visufarma.com\/es\/wp-json\/wp\/v2\/pages\/179\/revisions\/641"}],"wp:attachment":[{"href":"https:\/\/www.visufarma.com\/es\/wp-json\/wp\/v2\/media?parent=179"}],"curies":[{"name":"wp","href":"https:\/\/api.w.org\/{rel}","templated":true}]}}