{"id":195,"date":"2021-05-26T14:53:28","date_gmt":"2021-05-26T14:53:28","guid":{"rendered":"http:\/\/40.69.60.126.nip.io\/sp\/?page_id=195"},"modified":"2025-07-09T16:31:22","modified_gmt":"2025-07-09T16:31:22","slug":"terms-conditions","status":"publish","type":"page","link":"https:\/\/www.visufarma.com\/es\/terms-conditions\/","title":{"rendered":"T\u00e9rminos y condiciones"},"content":{"rendered":"\n<h2 class=\"wp-block-heading\">Condiciones de uso del sitio web<\/h2>\n\n\n\n<p>Esta p\u00e1gina, junto con las pol\u00edticas adicionales que se enumeran a continuaci\u00f3n, le indica las condiciones en las que este sitio web (nuestro Sitio) . Por favor, lea estas condiciones de uso cuidadosamente antes de empezar a utilizar el Sitio. Al utilizar nuestro Sitio, usted indica que acepta y se compromete a cumplir estas condiciones de uso. Si no est\u00e1 de acuerdo con estas condiciones. Si no est\u00e1 de acuerdo con estas condiciones de uso, le rogamos que se abstenga de utilizar nuestro Sitio. <\/p>\n\n\n\n<p>Podemos revisar estas condiciones de uso en cualquier momento modificando esta p\u00e1gina o las pol\u00edticas adicionales que se enumeran a continuaci\u00f3n. Se espera que compruebe esta p\u00e1gina, y las pol\u00edticas adicionales que se enumeran a continuaci\u00f3n, de vez en cuando y que tome nota de cualquier cambio que hayamos que hayamos realizado, ya que son vinculantes para usted si utiliza el Sitio.<\/p>\n\n\n\n<p>Las siguientes pol\u00edticas tambi\u00e9n se aplican a su uso de nuestro Sitio: <\/p>\n\n\n\n<ul class=\"wp-block-list\">\n<li>Nuestra <a href=\"https:\/\/www.visufarma.com\/es\/politica-de-privacidad\/\">Pol\u00edtica de Privacidad<\/a>, que detalla la forma en que procesamos los datos personales<br>proporcionados por usted. <\/li>\n\n\n\n<li>Nuestra <a href=\"https:\/\/www.visufarma.com\/es\/cookies\/\">Pol\u00edtica de cookies<\/a>, que proporciona informaci\u00f3n sobre el uso de cookies en nuestro Sitio.<\/li>\n<\/ul>\n\n\n\n<h2 class=\"wp-block-heading\">Informaci\u00f3n sobre nosotros<\/h2>\n\n\n\n<p>Nuestro Sitio es operado por VISUfarma BV (nosotros). Estamos registrados en los Pa\u00edses Bajos con el n\u00famero de empresa 66220912 y tenemos nuestro domicilio social en Joop Geesinkweg 601 |\u00a01114 AB | Amsterdam- Duivendrecht | The Netherlands.<\/p>\n\n\n\n<h2 class=\"wp-block-heading\">Acceso a nuestro sitio<\/h2>\n\n\n\n<p>El acceso a nuestro sitio se permite de forma temporal, y nos reservamos el derecho a retirar o modificar el servicio o el contenido que ofrecemos en nuestro Sitio sin previo aviso. Nosotros no nos comprometemos ni garantizamos que nuestro Sitio est\u00e9 disponible en todo momento y de vez en cuando puede que tengamos que restringir el acceso a algunas partes de nuestro Sitio, o a nuestro Sitio completo.<\/p>\n\n\n\n<p>Usted puede utilizar nuestro Sitio s\u00f3lo para fines legales.<\/p>\n\n\n\n<h2 class=\"wp-block-heading\">Derechos de propiedad intelectual<\/h2>\n\n\n\n<p>Somos el propietario o el licenciatario de todos los derechos de propiedad intelectual de nuestro Sitio y del material publicado en \u00e9l. A menos que estas condiciones le autoricen a ello, usted debe no debe copiar, modificar, alterar, publicar, distribuir, vender o transferir ning\u00fan material publicado en nuestro Sitio. Todos estos derechos est\u00e1n reservados. <\/p>\n\n\n\n<p>Se le permite imprimir, copiar y descargar extractos de cualquier p\u00e1gina de nuestro para su consulta personal y no comercial, con la condici\u00f3n de que se reconozca a nuestro Sitio como la fuente del material. No debe modificar las copias en papel de los materiales que haya impreso o copiado, o las copias digitales de los materiales que haya descargado, de ninguna manera. Cuando se reproduzcan ilustraciones, fotograf\u00edas, secuencias de v\u00eddeo o audio secuencias de v\u00eddeo o audio, o cualquier gr\u00e1fico, deber\u00e1 incluirse tambi\u00e9n el texto que lo acompa\u00f1e.<\/p>\n\n\n\n<p>Si la reproducci\u00f3n del material se realiza incumpliendo estas condiciones de uso, su derecho a de uso de nuestro Sitio cesar\u00e1 inmediatamente y usted deber\u00e1, a nuestra elecci\u00f3n, devolver o destruir cualquier copias de los materiales que haya realizado. <\/p>\n\n\n\n<h2 class=\"wp-block-heading\">Confianza en la informaci\u00f3n publicada<\/h2>\n\n\n\n<p>La informaci\u00f3n o los materiales publicados en nuestro Sitio no pretenden constituir ning\u00fan tipo de tipo de consejo o recomendaci\u00f3n m\u00e9dica en la que se deba confiar. Nosotros no seremos responsables ante usted, o ante cualquier persona informada de los contenidos de nuestro Sitio, en respecto a la confianza depositada en dicha informaci\u00f3n o materiales. El asesoramiento m\u00e9dico espec\u00edfico El asesoramiento m\u00e9dico espec\u00edfico debe buscarse siempre en un m\u00e9dico cualificado.<\/p>\n\n\n\n<p>Intentamos actualizar nuestro Sitio con regularidad; sin embargo, la informaci\u00f3n y el material de nuestro Sitio pueden estar desactualizados en cualquier momento. No tenemos ninguna obligaci\u00f3n de actualizar dicho actualizar dicho material, y no garantizamos que el material sea exacto o completo. <\/p>\n\n\n\n<h2 class=\"wp-block-heading\">Enlaces desde nuestro sitio<\/h2>\n\n\n\n<p>Cuando nuestro sitio contiene enlaces a sitios, recursos y materiales de terceros, estos enlaces se proporcionan \u00fanicamente para su informaci\u00f3n. Por favor, aseg\u00farese de leer los t\u00e9rminos y condiciones y pol\u00edticas de privacidad de cualquier sitio de terceros al que se acceda mediante un enlace. <\/p>\n\n\n\n<p>Tenga en cuenta que no tenemos ning\u00fan control sobre el contenido de los sitios, recursos y recursos y materiales enlazados, y que no aceptamos ninguna responsabilidad por la informaci\u00f3n u opiniones contenidas en ellos.<\/p>\n\n\n\n<h2 class=\"wp-block-heading\">Jurisdicci\u00f3n y ley aplicable<\/h2>\n\n\n\n<p>Si usted es un consumidor, tenga en cuenta que estas condiciones se rigen por la legislaci\u00f3n inglesa. Esto significa que cualquier condici\u00f3n de uso y cualquier disputa o reclamaci\u00f3n que surja de o en conexi\u00f3n con con dichas condiciones (incluidas las disputas o reclamaciones no contractuales) se regir\u00e1n por la la legislaci\u00f3n inglesa. Usted y nosotros aceptamos que los tribunales de Inglaterra y Gales tendr\u00e1n jurisdicci\u00f3n no exclusiva. <\/p>\n\n\n\n<p>Si usted es un cliente comercial, estas condiciones se rigen por la legislaci\u00f3n inglesa. Esto significa que estos t\u00e9rminos y cualquier disputa o reclamaci\u00f3n que surja de o en relaci\u00f3n con estos t\u00e9rminos o el objeto o la formaci\u00f3n de cualquier con estas condiciones o con el objeto o la formaci\u00f3n de cualquier contrato entre nosotros (incluidas las (incluidas las disputas o reclamaciones no contractuales), se regir\u00e1n por la legislaci\u00f3n inglesa. Ambos aceptamos la jurisdicci\u00f3n exclusiva de los tribunales de Inglaterra y Gales.<\/p>\n\n\n\n<h2 class=\"wp-block-heading\">Pie de imprenta<\/h2>\n\n\n\n<p><strong>Nombre del sitio web<\/strong><br>www.visufarma.com<br><strong>Propietario y editor del sitio web<\/strong><br>VISUfarma B.V.<br>Torre Rembrandt 11\u00aa. Floor. Amstelplein 1. 1096 HA Amsterdam. Pa\u00edses Bajos<br>N VAT : NL856448977B01<br><strong>Informaci\u00f3n de alojamiento<\/strong><br>Nombre: Artery Media Ltd<br>Direcci\u00f3n: 114 Holmhirst Road, Sheffield S8 0GX <br>Tel: <a href=\"tel:01143602365\">0114 360 2365<\/a><\/p>\n","protected":false},"excerpt":{"rendered":"<p>Condiciones de uso del sitio web Esta p\u00e1gina, junto con las pol\u00edticas adicionales que se enumeran a continuaci\u00f3n, le indica las condiciones en las que este sitio web (nuestro Sitio) . Por favor, lea estas condiciones de uso cuidadosamente antes de empezar a utilizar el Sitio. Al utilizar nuestro Sitio, usted indica que acepta y [&hellip;]<\/p>\n","protected":false},"author":16,"featured_media":0,"parent":0,"menu_order":0,"comment_status":"closed","ping_status":"closed","template":"","meta":{"_acf_changed":false,"footnotes":""},"class_list":["post-195","page","type-page","status-publish","hentry"],"acf":[],"yoast_head":"<!-- This site is optimized with the Yoast SEO plugin v26.5 - https:\/\/yoast.com\/wordpress\/plugins\/seo\/ -->\r\n<title>T\u00e9rminos y condiciones - VISUfarma ES<\/title>\r\n<meta name=\"robots\" content=\"index, follow, max-snippet:-1, max-image-preview:large, max-video-preview:-1\" \/>\r\n<link rel=\"canonical\" href=\"https:\/\/www.visufarma.com\/es\/terms-conditions\/\" \/>\r\n<meta property=\"og:locale\" content=\"es_ES\" \/>\r\n<meta property=\"og:type\" content=\"article\" \/>\r\n<meta property=\"og:title\" content=\"T\u00e9rminos y condiciones - VISUfarma ES\" \/>\r\n<meta property=\"og:description\" content=\"Condiciones de uso del sitio web Esta p\u00e1gina, junto con las pol\u00edticas adicionales que se enumeran a continuaci\u00f3n, le indica las condiciones en las que este sitio web (nuestro Sitio) . Por favor, lea estas condiciones de uso cuidadosamente antes de empezar a utilizar el Sitio. Al utilizar nuestro Sitio, usted indica que acepta y [&hellip;]\" \/>\r\n<meta property=\"og:url\" content=\"https:\/\/www.visufarma.com\/es\/terms-conditions\/\" \/>\r\n<meta property=\"og:site_name\" content=\"VISUfarma ES\" \/>\r\n<meta property=\"article:modified_time\" content=\"2025-07-09T16:31:22+00:00\" \/>\r\n<meta name=\"twitter:card\" content=\"summary_large_image\" \/>\r\n<meta name=\"twitter:label1\" content=\"Est. reading time\" \/>\n\t<meta name=\"twitter:data1\" content=\"5 minutes\" \/>\r\n<script type=\"application\/ld+json\" class=\"yoast-schema-graph\">{\"@context\":\"https:\/\/schema.org\",\"@graph\":[{\"@type\":\"WebPage\",\"@id\":\"https:\/\/www.visufarma.com\/es\/terms-conditions\/\",\"url\":\"https:\/\/www.visufarma.com\/es\/terms-conditions\/\",\"name\":\"T\u00e9rminos y condiciones - VISUfarma ES\",\"isPartOf\":{\"@id\":\"https:\/\/www.visufarma.com\/es\/#website\"},\"datePublished\":\"2021-05-26T14:53:28+00:00\",\"dateModified\":\"2025-07-09T16:31:22+00:00\",\"breadcrumb\":{\"@id\":\"https:\/\/www.visufarma.com\/es\/terms-conditions\/#breadcrumb\"},\"inLanguage\":\"es-ES\",\"potentialAction\":[{\"@type\":\"ReadAction\",\"target\":[\"https:\/\/www.visufarma.com\/es\/terms-conditions\/\"]}]},{\"@type\":\"BreadcrumbList\",\"@id\":\"https:\/\/www.visufarma.com\/es\/terms-conditions\/#breadcrumb\",\"itemListElement\":[{\"@type\":\"ListItem\",\"position\":1,\"name\":\"Home\",\"item\":\"https:\/\/www.visufarma.com\/es\/\"},{\"@type\":\"ListItem\",\"position\":2,\"name\":\"T\u00e9rminos y condiciones\"}]},{\"@type\":\"WebSite\",\"@id\":\"https:\/\/www.visufarma.com\/es\/#website\",\"url\":\"https:\/\/www.visufarma.com\/es\/\",\"name\":\"VISUfarma ES\",\"description\":\"\",\"potentialAction\":[{\"@type\":\"SearchAction\",\"target\":{\"@type\":\"EntryPoint\",\"urlTemplate\":\"https:\/\/www.visufarma.com\/es\/?s={search_term_string}\"},\"query-input\":{\"@type\":\"PropertyValueSpecification\",\"valueRequired\":true,\"valueName\":\"search_term_string\"}}],\"inLanguage\":\"es-ES\"}]}<\/script>\r\n<!-- \/ Yoast SEO plugin. -->","yoast_head_json":{"title":"T\u00e9rminos y condiciones - VISUfarma ES","robots":{"index":"index","follow":"follow","max-snippet":"max-snippet:-1","max-image-preview":"max-image-preview:large","max-video-preview":"max-video-preview:-1"},"canonical":"https:\/\/www.visufarma.com\/es\/terms-conditions\/","og_locale":"es_ES","og_type":"article","og_title":"T\u00e9rminos y condiciones - VISUfarma ES","og_description":"Condiciones de uso del sitio web Esta p\u00e1gina, junto con las pol\u00edticas adicionales que se enumeran a continuaci\u00f3n, le indica las condiciones en las que este sitio web (nuestro Sitio) . Por favor, lea estas condiciones de uso cuidadosamente antes de empezar a utilizar el Sitio. Al utilizar nuestro Sitio, usted indica que acepta y [&hellip;]","og_url":"https:\/\/www.visufarma.com\/es\/terms-conditions\/","og_site_name":"VISUfarma ES","article_modified_time":"2025-07-09T16:31:22+00:00","twitter_card":"summary_large_image","twitter_misc":{"Est. reading time":"5 minutes"},"schema":{"@context":"https:\/\/schema.org","@graph":[{"@type":"WebPage","@id":"https:\/\/www.visufarma.com\/es\/terms-conditions\/","url":"https:\/\/www.visufarma.com\/es\/terms-conditions\/","name":"T\u00e9rminos y condiciones - VISUfarma ES","isPartOf":{"@id":"https:\/\/www.visufarma.com\/es\/#website"},"datePublished":"2021-05-26T14:53:28+00:00","dateModified":"2025-07-09T16:31:22+00:00","breadcrumb":{"@id":"https:\/\/www.visufarma.com\/es\/terms-conditions\/#breadcrumb"},"inLanguage":"es-ES","potentialAction":[{"@type":"ReadAction","target":["https:\/\/www.visufarma.com\/es\/terms-conditions\/"]}]},{"@type":"BreadcrumbList","@id":"https:\/\/www.visufarma.com\/es\/terms-conditions\/#breadcrumb","itemListElement":[{"@type":"ListItem","position":1,"name":"Home","item":"https:\/\/www.visufarma.com\/es\/"},{"@type":"ListItem","position":2,"name":"T\u00e9rminos y condiciones"}]},{"@type":"WebSite","@id":"https:\/\/www.visufarma.com\/es\/#website","url":"https:\/\/www.visufarma.com\/es\/","name":"VISUfarma ES","description":"","potentialAction":[{"@type":"SearchAction","target":{"@type":"EntryPoint","urlTemplate":"https:\/\/www.visufarma.com\/es\/?s={search_term_string}"},"query-input":{"@type":"PropertyValueSpecification","valueRequired":true,"valueName":"search_term_string"}}],"inLanguage":"es-ES"}]}},"_links":{"self":[{"href":"https:\/\/www.visufarma.com\/es\/wp-json\/wp\/v2\/pages\/195","targetHints":{"allow":["GET"]}}],"collection":[{"href":"https:\/\/www.visufarma.com\/es\/wp-json\/wp\/v2\/pages"}],"about":[{"href":"https:\/\/www.visufarma.com\/es\/wp-json\/wp\/v2\/types\/page"}],"author":[{"embeddable":true,"href":"https:\/\/www.visufarma.com\/es\/wp-json\/wp\/v2\/users\/16"}],"replies":[{"embeddable":true,"href":"https:\/\/www.visufarma.com\/es\/wp-json\/wp\/v2\/comments?post=195"}],"version-history":[{"count":8,"href":"https:\/\/www.visufarma.com\/es\/wp-json\/wp\/v2\/pages\/195\/revisions"}],"predecessor-version":[{"id":1691,"href":"https:\/\/www.visufarma.com\/es\/wp-json\/wp\/v2\/pages\/195\/revisions\/1691"}],"wp:attachment":[{"href":"https:\/\/www.visufarma.com\/es\/wp-json\/wp\/v2\/media?parent=195"}],"curies":[{"name":"wp","href":"https:\/\/api.w.org\/{rel}","templated":true}]}}