{"id":13,"date":"2021-06-01T11:38:34","date_gmt":"2021-06-01T11:38:34","guid":{"rendered":"http:\/\/40.69.60.126.nip.io\/fr\/?page_id=13"},"modified":"2021-06-30T14:51:57","modified_gmt":"2021-06-30T14:51:57","slug":"privacy-policy","status":"publish","type":"page","link":"https:\/\/www.visufarma.com\/fr\/privacy-policy\/","title":{"rendered":"Politique de confidentialit\u00e9"},"content":{"rendered":"\n<h1><strong>VISUfarma<\/strong><\/h1>\n<h2><strong>Politique de confidentialit\u00e9 pour les visiteurs du site Web, les partenaires commerciaux, les clients et les fournisseurs<\/strong><\/h2>\n<h4>Table des mati\u00e8res<\/h4>\n<p><a href=\"#_Toc69451126\">Que signifient les termes de cette politique de confidentialit\u00e9 ?<\/a> <br><a href=\"#_Toc69451127\" quelles=\"\" sont=\"\" les=\"\" donn\u00e9es=\"\" personnelles=\"\" collect\u00e9es=\"\" et=\"\" utilis\u00e9es=\"\" par=\"\" visufarma?<=\"\" a=\"\"> <br><\/a><a href=\"#_Toc69451128\">Pourquoi utilisons-nous vos donn\u00e9es personnelle?<\/a> <br><a href=\"#_Toc69451129\">Que dit la loi \u00e0 ce sujet?<\/a> <br><a href=\"#_Toc69451130\">\u00cates-vous dans l\u2019obligation de nous fournir les donn\u00e9es personnelles que nous vous demandons?<\/a> <br><a href=\"#_Toc69451131\">Traitons-nous les donn\u00e9es vous concernant sans aucune intervention humaine?<\/a> <br><a href=\"#_Toc69451132\">Combien de temps les donn\u00e9es personnelles sont-elles conserv\u00e9es?<\/a> <br><a href=\"#_Toc69451133\">Partageons-nous vos donn\u00e9es personnelles avec des tiers?<\/a><br><a href=\"#_Toc69451134\">Transf\u00e9rons-nous vos donn\u00e9es en dehors de l&#8217;Espace \u00c9conomique Europ\u00e9en (EEE)?<\/a><br><a href=\"#_Toc69451135\">Quels sont vos droits?<\/a> &nbsp; &nbsp;<br><a href=\"#_Toc69451136\">Droit d\u2019acc\u00e8s et d\u2019obtention d\u2019une copie de vos donn\u00e9es personnelles<\/a> &nbsp; &nbsp;<a href=\"#_Toc69451137\">Droit de rectification de vos donn\u00e9es personnelles<\/a> &nbsp; &nbsp;<br><a href=\"#_Toc69451138\">Droit \u00e0 l&#8217;oubli\/de suppression des donn\u00e9es<\/a> &nbsp; &nbsp;<br><a href=\"#_Toc69451139\">Droit d\u2019opposition<\/a> &nbsp;<br><a href=\"#_Toc69451140\">Droit de retirer votre consentement<\/a> &nbsp; &nbsp;<br><a href=\"#_Toc69451141\">Plainte<\/a> <br><a href=\"#_Toc69451142\">Comment nous contacter?<\/a> <br><a href=\"#_Toc69451143\">Comment g\u00e9rons-nous les modifications apport\u00e9es \u00e0 cette politique de confidentialit\u00e9?<\/a> <br><a href=\"#_Toc69451144\">Retour d\u2019information<\/a><\/p>\n\n<h3><strong>Politique de confidentialit\u00e9<\/strong><\/h3>\n<h4><strong>Mise \u00e0 jour avril 2021<\/strong><\/h4>\n<h3><a name=\"_Toc69451126\"><\/a><strong>Que signifient les termes de cette politique de confidentialit\u00e9 ? <\/strong><\/h3>\n<p>Nous devons tout d&#8217;abord \u00eatre clairs sur la fa\u00e7on dont nous utilisons certains termes dans cette d\u00e9claration. Cela peut sembler \u00e9vident, mais dans cette politique de confidentialit\u00e9 de VISUfarma (ci-apr\u00e8s : <b>&#8216;Politique&#8217;<\/b>) vous serez d\u00e9sign\u00e9 par &#8216;Vous&#8217;. Cette politique s&#8217;applique \u00e0 tous les visiteurs des sites Web VISUfarma, aux partenaires commerciaux, aux clients (interlocuteur) et aux fournisseurs (interlocuteur). <\/p>\n<p>Si vous \u00eates un employ\u00e9 de VISUfarma ou une ressource temporaire, un entrepreneur, un consultant, un agent ou un tiers similaire, et que vous souhaitez conna\u00eetre les donn\u00e9es personnelles collect\u00e9es par VISUfarma, nous vous renvoyons \u00e0 notre politique de confidentialit\u00e9 pour les employ\u00e9s de VISUfarma.<\/p>\n<p>Lorsque nous parlons de &#8220;nous&#8221; ou de la &#8220;soci\u00e9t\u00e9&#8221;, nous d\u00e9signons VISUfarma dans son ensemble ou l&#8217;une des soci\u00e9t\u00e9s du groupe. <\/p>\n<p>Enfin, il s&#8217;agit d&#8217;une politique relative aux informations, aux personnes &#8211; comme les donn\u00e9es vous concernant. Il ne s&#8217;agit pas d&#8217;informations sur VISUfarma ou une autre soci\u00e9t\u00e9 (bien que parfois les deux se recoupent). Nous utiliserons le terme &#8220;donn\u00e9es personnelles&#8221; pour faire r\u00e9f\u00e9rence \u00e0 ces informations.<\/p>\n<h3><a name=\"_Toc69451127\"><\/a><strong>Quelles sont les donn\u00e9es personnelles collect\u00e9es et utilis\u00e9es par VISUfarma?<\/strong><\/h3>\n<p>Les donn\u00e9es personnelles que VISUfarma collecte habituellement comprennent, sans s&#8217;y limiter:<\/p>\n<ul>\n<li>votre nom et vos coordonn\u00e9es;<\/li>\n<li>les donn\u00e9es personnelles relatives \u00e0 vos visites sur les sites Web de VISUfarma, y compris, mais sans s&#8217;y limiter, les donn\u00e9es de trafic, les donn\u00e9es de localisation, les weblogs, le contenu des enqu\u00eates et des formulaires de contact et autres donn\u00e9es de communication et les ressources auxquelles vous acc\u00e9dez ;<\/li>\n<li>sp\u00e9cifiquement pour les t\u00e9moignages : nom, image, vid\u00e9o, ant\u00e9c\u00e9dents personnels ou professionnels, t\u00e9moignages personnels ou professionnels ;<\/li>\n<li>sp\u00e9cifiquement pour les relations avec les clients : nom, employeur, titre du poste et fonction, coordonn\u00e9es (professionnelles), sexe, coordonn\u00e9es bancaires, historique des achats, correspondance par courriels ; <\/li>\n<li>sp\u00e9cifiquement pour les relations avec les fournisseurs : nom, employeur, titre du poste et fonction, coordonn\u00e9es (professionnelles), sexe, coordonn\u00e9es bancaires, historique des achats, correspondance par courriels ; <\/li>\n<li>adresses IP et cookies ;\n<ul style=\"list-style-type: circle;\">\n<li>nous recueillons des donn\u00e9es sur votre ordinateur, y compris (lorsqu&#8217;elles sont disponibles) votre adresse IP, votre syst\u00e8me d&#8217;exploitation et votre type de navigateur, pour l&#8217;administration du syst\u00e8me. Il s&#8217;agit de donn\u00e9es statistiques sur les actions et les habitudes de navigation de nos utilisateurs, qui ne permettent pas de vous identifier ou d&#8217;identifier un individu.<\/li>\n<li>pour la m\u00eame raison, nous pouvons obtenir des donn\u00e9es sur votre utilisation g\u00e9n\u00e9rale d&#8217;Internet en utilisant un fichier cookie, qui est stock\u00e9 sur votre appareil. Les cookies nous aident \u00e0 am\u00e9liorer le site web et \u00e0 fournir un contenu plus pertinent et plus personnalis\u00e9. Pour plus d&#8217;informations sur notre utilisation des cookies sur les sites Web de VISUfarma, veuillez-vous reporter \u00e0 la politique relative aux cookies de VISUfarma.<\/li>\n<\/ul>\n<\/li>\n<\/ul>\n<h3><a name=\"_Toc69451128\"><\/a><strong>Pourquoi utilisons-nous vos donn\u00e9es personnelles?<\/strong><\/h3>\n<p>VISUfarma recueille et traite vos donn\u00e9es personnelles:<\/p>\n<ul style=\"list-style-type: numeric;\">\n<li>pour vous fournir ou fournir \u00e0 la soci\u00e9t\u00e9 pour laquelle vous travaillez les services que vous attendez de nous, comme vous offrir ou offrir \u00e0 votre employeur les biens et services demand\u00e9s ; <\/li>\n<li>pour g\u00e9rer nos relations avec nos partenaires commerciaux, nos clients et nos fournisseurs, notamment pour communiquer avec ces parties, conserver des traces de ces communications et promouvoir nos produits et services; <\/li>\n<li>avec votre consentement, nous pouvons \u00e9galement utiliser vos donn\u00e9es de contact \u00e0 des fins de marketing direct, par exemple par courriel, messages ou t\u00e9l\u00e9phone ;  &nbsp;<\/li>\n<li>pour partager des donn\u00e9es avec des tiers (voir ci-dessous) ;&nbsp;<\/li>\n<li>si n\u00e9cessaire, pour nous conformer \u00e0 toute obligation l\u00e9gale ; <\/li>\n<li>pour adapter au mieux le contenu et les ressources en fonction de vos pr\u00e9f\u00e9rences ; <\/li>\n<li>pour r\u00e9pondre \u00e0 votre demande ou \u00e0 vos questions lorsque vous nous contactez ; ;<\/li>\n<li>pour s&#8217;assurer que le contenu fourni par les sites Web de VISUfarma est pr\u00e9sent\u00e9 de la mani\u00e8re la plus efficace pour vous et pour votre appareil ; <\/li>\n<li>pour continuer \u00e0 d\u00e9velopper et \u00e0 am\u00e9liorer les sites Web et les syst\u00e8mes de VISUfarma afin de mieux vous servir; &nbsp;<\/li>\n<li>nous pouvons \u00e9galement traiter vos donn\u00e9es personnelles pour: &nbsp;\n<ul style=\"list-style-type: lower-latin;\">\n<li>promouvoir la s\u00e9curit\u00e9 et la protection des personnes, des locaux, des syst\u00e8mes et des biens ; &nbsp;<\/li>\n<li>contr\u00f4ler le respect des politiques et proc\u00e9dures internes ; &nbsp;<\/li>\n<li>g\u00e9rer les communications et autres syst\u00e8mes utilis\u00e9s par VISUfarma (y compris les bases de donn\u00e9es de contacts internes) ;<\/li>\n<li>enqu\u00eater ou r\u00e9pondre aux incidents et aux plaintes ; &nbsp;<\/li>\n<li>respecter les obligations et les droits et coop\u00e9rer avec les enqu\u00eates men\u00e9es par la police, le gouvernement ou les r\u00e9gulateurs ; et &nbsp;<\/li>\n<li>participer \u00e0 tout achat ou vente, potentiel ou r\u00e9el, ou joint-venture, de tout ou une partie d&#8217;une entreprise ou d&#8217;une soci\u00e9t\u00e9, auquel un membre de VISUfarma souhaiterai participer.<\/li>\n<\/ul>\n<\/li>\n<\/ul>\n<h3><a name=\"_Toc69451129\"><\/a><strong>Que dit la loi \u00e0 ce sujet?<\/strong><\/h3>\n<p>Nous avons l\u2019obligation l\u00e9gale d&#8217;avoir un motif pr\u00e9vu par la loi afin de traiter vos donn\u00e9es personnelles.<\/p>\n<p>Lorsque vous travaillez avec VISUfarma, notre traitement des donn\u00e9es personnelles pour toutes ces finalit\u00e9s est bas\u00e9 sur des motifs de traitement tels que :<\/p>\n<ul style=\"list-style-type: none;\">\n<li><em>-l&#8217;ex\u00e9cution d&#8217;un contrat auquel vous ou votre employeur \u00eates partie,&nbsp;<\/em><\/li>\n<li><em>-le traitement n\u00e9cessaire au respect d&#8217;obligations l\u00e9gales ou r\u00e9glementaires;<\/em><\/li>\n<li><em>-le traitement n\u00e9cessaire aux int\u00e9r\u00eats l\u00e9gitimes de VISUfarma dans l&#8217;exercice de ses droits fondamentaux et de ceux de son personnel pour g\u00e9rer une entreprise d&#8217;une mani\u00e8re qui n&#8217;affecte pas ind\u00fbment vos int\u00e9r\u00eats ou vos droits et libert\u00e9s fondamentaux (finalit\u00e9s 1, 3, 4 et 5), et\/ou<\/em><\/li>\n<li><em>-dans des circonstances limit\u00e9es, trait\u00e9es avec votre consentement, que nous obtenons de vous de temps \u00e0 autre, comme lorsque vous choisissez de recevoir des communications marketing et des nouvelles par courriel. &nbsp;<\/em><\/li>\n<\/ul>\n<p>Lorsque le traitement est n\u00e9cessaire pour les int\u00e9r\u00eats l\u00e9gitimes de VISUfarma, nous veillons \u00e0 ce que le traitement soit effectu\u00e9 de mani\u00e8re \u00e0 ce que nos int\u00e9r\u00eats l\u00e9gitimes l&#8217;emportent sur les int\u00e9r\u00eats de tout individu. Nous ne traiterons vos donn\u00e9es personnelles pour d\u2019autres motifs qu&#8217;avec votre consentement (autre motif de traitement).<\/p>\n<h3><a name=\"_Toc69451130\"><\/a><strong>\u00cates-vous dans l\u2019obligation de nous fournir les donn\u00e9es personnelles que nous vous demandons?<\/strong><\/h3>\n<p>Parfois, fournir vos donn\u00e9es personnelles est une exigence pour conclure un contrat avec vous ou votre employeur et\/ou pour respecter ce contrat. Cela signifie qu&#8217;il est n\u00e9cessaire que nous disposions de vos donn\u00e9es. Dans la plupart des cas, vous n&#8217;\u00eates pas oblig\u00e9 de nous fournir des donn\u00e9es personnelles, mais celles-ci nous aident \u00e0 am\u00e9liorer le service que nous sommes pr\u00eats \u00e0 vous fournir. <\/p>\n<h3><a name=\"_Toc69451131\"><\/a><strong>Traitons-nous les donn\u00e9es vous concernant sans aucune intervention humaine?<\/strong><\/h3>\n<p>Non, nous ne prenons aucune d\u00e9cision uniquement sur la base d&#8217;un traitement automatis\u00e9, y compris le profilage, qui produit des effets juridiques vous concernant ou qui vous affecte de mani\u00e8re significative.&nbsp;<\/p>\n<h3><a name=\"_Toc69451132\"><\/a><strong>Combien de temps les donn\u00e9es personnelles sont-elles conserv\u00e9es?<\/strong><\/h3>\n<p>Les p\u00e9riodes de conservation de vos donn\u00e9es personnelles d\u00e9pendent de leurs finalit\u00e9s respectives pour lesquelles elles sont trait\u00e9es. Il n&#8217;est pas possible de fournir un aper\u00e7u de ces diff\u00e9rentes p\u00e9riodes de conservation dans cette politique de confidentialit\u00e9 dans un format raisonnablement clair. Les crit\u00e8res utilis\u00e9s dans la pr\u00e9sente politique de confidentialit\u00e9 pour d\u00e9terminer la p\u00e9riode applicable de conservation de vos donn\u00e9es personnelles, sont les suivants :  Nous conserverons les informations personnelles aussi longtemps que <\/p>\n<ul style=\"list-style-type: lower-roman;\">\n<li><i>cela est n\u00e9cessaire pour atteindre les finalit\u00e9s respectives,<\/i> <\/li>\n<li><i>elles sont n\u00e9cessaires aux fins de notre relation professionnelle avec vous ou avec votre employeur,<\/i> <\/li>\n<li><i>vous y consentirez et\/ou <\/i><\/li>\n<li><i>l&#8217;exigent les lois et r\u00e9glementations applicables en mati\u00e8re de conservation des donn\u00e9es.<\/i><\/li>\n<\/ul>\n<h3><a name=\"_Toc69451133\"><\/a><strong>Partageons-nous vos donn\u00e9es personnelles avec des tiers?<\/strong><\/h3>\n<p>Comme mentionn\u00e9 ci-dessus, il est possible que nous communiquions vos donn\u00e9es \u00e0 des tiers. Ceci dans le but d\u2019atteindre les objectifs \u00e9nonc\u00e9s ci-dessus. Cette communication n\u2019aura lieu dans les circonstances suivantes:<\/p>\n<ul>\n<li>A nos fournisseurs: \n<p>Nous sommes par exemple amen\u00e9s \u00e0 engager un fournisseur afin qu\u2019il effectue des t\u00e2ches administratives ou op\u00e9rationnelles, pour les besoins de notre relation avec vous. Le ou les fournisseur(s) sera\/seront soumis \u00e0 des obligations contractuelles et autres exigences juridiques afin de pr\u00e9server la confidentialit\u00e9 de vos donn\u00e9es et de respecter votre vie priv\u00e9e. Ils n\u2019auront acc\u00e8s qu\u2019aux seules informations n\u00e9cessaires \u00e0 l\u2019ex\u00e9cution de leurs fonctions. Les fournisseurs concern\u00e9s sont en g\u00e9n\u00e9ral :<\/p>\n<ul>\n<li>des fournisseurs informatiques (qui h\u00e9bergent ou prennent en charge nos syst\u00e8mes contenant des informations vous concernant) <\/li>\n<li>des soci\u00e9t\u00e9s de gestion des locaux (qui veillent \u00e0 la s\u00e9curit\u00e9 physique dans nos locaux et, par cons\u00e9quent, ont besoin d\u2019informations \u00e0 votre sujet pour vous permettre l\u2019acc\u00e8s \u00e0 nos locaux) <\/li>\n<li>les fournisseurs de services de gestion des finances et de la comptabilit\u00e9;<\/li>\n<\/ul>\n<\/li>\n<li>Aux membres du groupe VISUfarma, tous situ\u00e9s \u00e0 l&#8217;int\u00e9rieur de l&#8217;Espace \u00c9conomique Europ\u00e9en, pour les \u00e9changes de donn\u00e9es interentreprises n\u00e9cessaires ; <\/li>\n<li>Nous sommes \u00e9galement susceptibles de partager vos informations avec le gouvernement, la police, les r\u00e9gulateurs ou les organismes d&#8217;application de la loi si nous consid\u00e9rons, \u00e0 notre seule discr\u00e9tion,  que nous sommes l\u00e9galement oblig\u00e9s ou autoris\u00e9s \u00e0 proc\u00e9der ainsi ou qu\u2019il serait prudent d\u2019agir de la sorte ;<\/li>\n<li>Dans le cadre d\u2019obligations relatives \u00e0 une fusion, une acquisition ou toute autre transaction commerciale (ou \u00e0 la mise en \u0153uvre de l\u2019une de ces op\u00e9rations), nous pourrions avoir besoin de transmettre vos donn\u00e9es aux vendeurs ou acheteurs potentiels ainsi qu\u2019\u00e0 leurs conseillers.<\/li>\n<\/ul>\n<h3><a name=\"_Toc69451134\"><\/a><strong>Transf\u00e9rons-nous vos donn\u00e9es en dehors de l&#8217;Espace \u00c9conomique Europ\u00e9en (EEE)?<\/strong><\/h3>\n<p>Normalement, nous ne transf\u00e9rons pas vos donn\u00e9es personnelles vers un pays situ\u00e9 en dehors de l&#8217;EEE. Dans des situations exceptionnelles, cependant, vos donn\u00e9es pourraient \u00eatre transf\u00e9r\u00e9es en dehors de l&#8217;EEE.<\/p>\n<p>Nous ne transf\u00e9rerons vos donn\u00e9es en dehors de l&#8217;EEE uniquement vers des pays consid\u00e9r\u00e9s par la Commission Europ\u00e9enne comme offrant un niveau de protection suffisant (une liste des pays concern\u00e9s est disponible ici: https:\/\/ec.europa.eu\/info\/law\/law-topic\/data-protection\/international-dimension-data-protection\/adequacy-decisions_en), ou des pays avec lesquels VISUfarma a mis en place des mesures appropri\u00e9es pour pr\u00e9server la confidentialit\u00e9 de vos donn\u00e9es personnelles (ce pour quoi nous utilisons g\u00e9n\u00e9ralement un contrat de transfert de donn\u00e9es approuv\u00e9 par la Commission europ\u00e9enne dont les copies sont accessibles ici: https:\/\/ec.europa.eu\/info\/law\/law-topic\/data-protection\/international-dimension-data-protection\/standard-contractual-clauses-scc_en). &nbsp;<\/p>\n<h3><a name=\"_Toc69451135\"><\/a><strong>Quels sont vos droits?<\/strong><\/h3>\n<h4><a name=\"_Toc69451136\"><\/a>Droit d\u2019acc\u00e8s et d\u2019obtention d\u2019une copie de vos donn\u00e9es personnelles<\/h4>\n<p>Vous \u00eates autoris\u00e9 \u00e0 demander confirmation du fait que nous traitons toute information personnelle vous concernant. Si tel est le cas, vous avez le droit d\u2019acc\u00e9der \u00e0 vos donn\u00e9es personnelles et \u00e0 certaines informations relatives \u00e0 leur traitement. Dans certains cas, nous pourrons vous fournir, sur demande de votre part, une copie \u00e9lectronique de vos donn\u00e9es. <\/p>\n<h4><a name=\"_Toc69451137\"><\/a>Droit de rectification de vos donn\u00e9es personnelles <\/h4>\n<p>Si vous pouvez d\u00e9montrer que les informations que nous d\u00e9tenons \u00e0 votre sujet sont incorrectes, vous pouvez solliciter leur mise \u00e0 jour ou toute autre forme de rectification. <\/p>\n<h4><a name=\"_Toc69451138\"><\/a>Droit \u00e0 l&#8217;oubli\/de suppression des donn\u00e9es <\/h4>\n<p>Si nous n&#8217;avons pas besoin de conserver ou de traiter les donn\u00e9es pour toute autre raison, vous pouvez nous demander d&#8217;arr\u00eater ou de restreindre le traitement de, ou de supprimer (tout ou en partie) vos donn\u00e9es personnelles. <\/p>\n<h4><a name=\"_Toc69451139\"><\/a>Droit d\u2019opposition<\/h4>\n<p>Dans la mesure o\u00f9 le traitement de vos donn\u00e9es par VISUfarma est fond\u00e9 sur l\u2019int\u00e9r\u00eat l\u00e9gitime de cette derni\u00e8re (et sur aucun autre fondement) ou concerne des op\u00e9rations de marketing direct, vous \u00eates autoris\u00e9 \u00e0 vous opposer au traitement de vos donn\u00e9es par VISUfarma en fonction de votre situation sp\u00e9cifique.<\/p>\n<h4><a name=\"_Toc69451140\"><\/a>Droit de retirer votre consentement<\/h4>\n<p>Dans la mesure o\u00f9 notre traitement de vos donn\u00e9es personnelles est bas\u00e9 sur votre consentement, vous avez \u00e9galement le droit de retirer ce consentement \u00e0 tout moment. Le retrait de votre consentement n&#8217;aura pas d&#8217;incidence sur la l\u00e9galit\u00e9 de tout traitement bas\u00e9 sur votre consentement qui aurait \u00e9t\u00e9 effectu\u00e9 ant\u00e9rieurement audit retrait.&nbsp;<\/p>\n<p>If you want to exercise any of your rights, please email us at privacy@visufarma.com If you contact us by email to exercise your rights, we may ask you to identify yourself before any action is taken at your request.<\/p>\n<h4><a name=\"_Toc69451141\"><\/a>Plainte<\/h4>\n<p>Enfin, vous avez \u00e9galement le droit de d\u00e9poser une plainte aupr\u00e8s de l&#8217;Autorit\u00e9 n\u00e9erlandaise charg\u00e9e de la protection des donn\u00e9es &#8220;De Autoriteit Persoonsgegevens&#8221; \u00e0 La Haye. https:\/\/autoriteitpersoonsgegevens.nl\/nl\/zelf-doen\/gebruik-uw-privacyrechten\/klacht-melden-bij-de-ap.<\/p>\n<h3><a name=\"_Toc69451142\"><\/a><strong>Comment nous contacter?<\/strong><\/h3>\n<p>Si vous avez des questions ou des pr\u00e9occupations concernant notre politique de confidentialit\u00e9 ou si vous souhaitez obtenir de plus amples informations sur la mani\u00e8re dont nous prot\u00e9geons vos donn\u00e9es personnelles, veuillez nous envoyer un courriel \u00e0 l&#8217;adresse privacy@visufarma.com.<\/p>\n<h3><a name=\"_Toc69451143\"><\/a><strong>Comment g\u00e9rons-nous les modifications apport\u00e9es \u00e0 cette politique de confidentialit\u00e9?<\/strong><\/h3>\n<p>Les termes de cette politique peuvent \u00eatre modifi\u00e9s de temps \u00e0 autre. En cas de publication de modifications importantes de la politique de confidentialit\u00e9, nous vous en informerons via nos canaux de communication habituels.<\/p>\n<h3><a name=\"_Toc69451144\"><\/a><strong>Retour d\u2019information<\/strong><\/h3>\n<p>Le retour d&#8217;information est un \u00e9l\u00e9ment essentiel de l&#8217;am\u00e9lioration continue. Pour nous faire part de vos commentaires sur la politique de confidentialit\u00e9 de VISUfarma, veuillez envoyer un courriel \u00e0 privacy@visufarma.com..<\/p>\n\n\n\n<p><\/p>\n","protected":false},"excerpt":{"rendered":"<p>VISUfarma Politique de confidentialit\u00e9 pour les visiteurs du site Web, les partenaires commerciaux, les clients et les fournisseurs Table des mati\u00e8res Que signifient les termes de cette politique de confidentialit\u00e9 ?<\/p>\n","protected":false},"author":16,"featured_media":0,"parent":0,"menu_order":0,"comment_status":"closed","ping_status":"closed","template":"","meta":{"_acf_changed":false,"footnotes":""},"class_list":["post-13","page","type-page","status-publish","hentry"],"acf":[],"yoast_head":"<!-- This site is optimized with the Yoast SEO plugin v26.5 - https:\/\/yoast.com\/wordpress\/plugins\/seo\/ -->\r\n<title>Politique de confidentialit\u00e9 - VISUfarma FR<\/title>\r\n<meta name=\"robots\" content=\"index, follow, max-snippet:-1, max-image-preview:large, max-video-preview:-1\" \/>\r\n<link rel=\"canonical\" href=\"https:\/\/www.visufarma.com\/fr\/privacy-policy\/\" \/>\r\n<meta property=\"og:locale\" content=\"fr_FR\" \/>\r\n<meta property=\"og:type\" content=\"article\" \/>\r\n<meta property=\"og:title\" content=\"Politique de confidentialit\u00e9 - VISUfarma FR\" \/>\r\n<meta property=\"og:description\" content=\"VISUfarma Politique de confidentialit\u00e9 pour les visiteurs du site Web, les partenaires commerciaux, les clients et les fournisseurs Table des mati\u00e8res Que signifient les termes de cette politique de confidentialit\u00e9 ?\" \/>\r\n<meta property=\"og:url\" content=\"https:\/\/www.visufarma.com\/fr\/privacy-policy\/\" \/>\r\n<meta property=\"og:site_name\" content=\"VISUfarma FR\" \/>\r\n<meta property=\"article:modified_time\" content=\"2021-06-30T14:51:57+00:00\" \/>\r\n<meta name=\"twitter:card\" content=\"summary_large_image\" \/>\r\n<script type=\"application\/ld+json\" class=\"yoast-schema-graph\">{\"@context\":\"https:\/\/schema.org\",\"@graph\":[{\"@type\":\"WebPage\",\"@id\":\"https:\/\/www.visufarma.com\/fr\/privacy-policy\/\",\"url\":\"https:\/\/www.visufarma.com\/fr\/privacy-policy\/\",\"name\":\"Politique de confidentialit\u00e9 - VISUfarma FR\",\"isPartOf\":{\"@id\":\"https:\/\/www.visufarma.com\/fr\/#website\"},\"datePublished\":\"2021-06-01T11:38:34+00:00\",\"dateModified\":\"2021-06-30T14:51:57+00:00\",\"breadcrumb\":{\"@id\":\"https:\/\/www.visufarma.com\/fr\/privacy-policy\/#breadcrumb\"},\"inLanguage\":\"fr-FR\",\"potentialAction\":[{\"@type\":\"ReadAction\",\"target\":[\"https:\/\/www.visufarma.com\/fr\/privacy-policy\/\"]}]},{\"@type\":\"BreadcrumbList\",\"@id\":\"https:\/\/www.visufarma.com\/fr\/privacy-policy\/#breadcrumb\",\"itemListElement\":[{\"@type\":\"ListItem\",\"position\":1,\"name\":\"Home\",\"item\":\"https:\/\/www.visufarma.com\/fr\/\"},{\"@type\":\"ListItem\",\"position\":2,\"name\":\"Politique de confidentialit\u00e9\"}]},{\"@type\":\"WebSite\",\"@id\":\"https:\/\/www.visufarma.com\/fr\/#website\",\"url\":\"https:\/\/www.visufarma.com\/fr\/\",\"name\":\"VISUfarma FR\",\"description\":\"\",\"potentialAction\":[{\"@type\":\"SearchAction\",\"target\":{\"@type\":\"EntryPoint\",\"urlTemplate\":\"https:\/\/www.visufarma.com\/fr\/?s={search_term_string}\"},\"query-input\":{\"@type\":\"PropertyValueSpecification\",\"valueRequired\":true,\"valueName\":\"search_term_string\"}}],\"inLanguage\":\"fr-FR\"}]}<\/script>\r\n<!-- \/ Yoast SEO plugin. -->","yoast_head_json":{"title":"Politique de confidentialit\u00e9 - VISUfarma FR","robots":{"index":"index","follow":"follow","max-snippet":"max-snippet:-1","max-image-preview":"max-image-preview:large","max-video-preview":"max-video-preview:-1"},"canonical":"https:\/\/www.visufarma.com\/fr\/privacy-policy\/","og_locale":"fr_FR","og_type":"article","og_title":"Politique de confidentialit\u00e9 - VISUfarma FR","og_description":"VISUfarma Politique de confidentialit\u00e9 pour les visiteurs du site Web, les partenaires commerciaux, les clients et les fournisseurs Table des mati\u00e8res Que signifient les termes de cette politique de confidentialit\u00e9 ?","og_url":"https:\/\/www.visufarma.com\/fr\/privacy-policy\/","og_site_name":"VISUfarma FR","article_modified_time":"2021-06-30T14:51:57+00:00","twitter_card":"summary_large_image","schema":{"@context":"https:\/\/schema.org","@graph":[{"@type":"WebPage","@id":"https:\/\/www.visufarma.com\/fr\/privacy-policy\/","url":"https:\/\/www.visufarma.com\/fr\/privacy-policy\/","name":"Politique de confidentialit\u00e9 - VISUfarma FR","isPartOf":{"@id":"https:\/\/www.visufarma.com\/fr\/#website"},"datePublished":"2021-06-01T11:38:34+00:00","dateModified":"2021-06-30T14:51:57+00:00","breadcrumb":{"@id":"https:\/\/www.visufarma.com\/fr\/privacy-policy\/#breadcrumb"},"inLanguage":"fr-FR","potentialAction":[{"@type":"ReadAction","target":["https:\/\/www.visufarma.com\/fr\/privacy-policy\/"]}]},{"@type":"BreadcrumbList","@id":"https:\/\/www.visufarma.com\/fr\/privacy-policy\/#breadcrumb","itemListElement":[{"@type":"ListItem","position":1,"name":"Home","item":"https:\/\/www.visufarma.com\/fr\/"},{"@type":"ListItem","position":2,"name":"Politique de confidentialit\u00e9"}]},{"@type":"WebSite","@id":"https:\/\/www.visufarma.com\/fr\/#website","url":"https:\/\/www.visufarma.com\/fr\/","name":"VISUfarma FR","description":"","potentialAction":[{"@type":"SearchAction","target":{"@type":"EntryPoint","urlTemplate":"https:\/\/www.visufarma.com\/fr\/?s={search_term_string}"},"query-input":{"@type":"PropertyValueSpecification","valueRequired":true,"valueName":"search_term_string"}}],"inLanguage":"fr-FR"}]}},"_links":{"self":[{"href":"https:\/\/www.visufarma.com\/fr\/wp-json\/wp\/v2\/pages\/13","targetHints":{"allow":["GET"]}}],"collection":[{"href":"https:\/\/www.visufarma.com\/fr\/wp-json\/wp\/v2\/pages"}],"about":[{"href":"https:\/\/www.visufarma.com\/fr\/wp-json\/wp\/v2\/types\/page"}],"author":[{"embeddable":true,"href":"https:\/\/www.visufarma.com\/fr\/wp-json\/wp\/v2\/users\/16"}],"replies":[{"embeddable":true,"href":"https:\/\/www.visufarma.com\/fr\/wp-json\/wp\/v2\/comments?post=13"}],"version-history":[{"count":8,"href":"https:\/\/www.visufarma.com\/fr\/wp-json\/wp\/v2\/pages\/13\/revisions"}],"predecessor-version":[{"id":488,"href":"https:\/\/www.visufarma.com\/fr\/wp-json\/wp\/v2\/pages\/13\/revisions\/488"}],"wp:attachment":[{"href":"https:\/\/www.visufarma.com\/fr\/wp-json\/wp\/v2\/media?parent=13"}],"curies":[{"name":"wp","href":"https:\/\/api.w.org\/{rel}","templated":true}]}}