{"id":21,"date":"2021-06-01T11:38:59","date_gmt":"2021-06-01T11:38:59","guid":{"rendered":"http:\/\/40.69.60.126.nip.io\/fr\/?page_id=21"},"modified":"2025-07-09T16:36:30","modified_gmt":"2025-07-09T16:36:30","slug":"terms-conditions","status":"publish","type":"page","link":"https:\/\/www.visufarma.com\/fr\/terms-conditions\/","title":{"rendered":"Conditions g\u00e9n\u00e9rales"},"content":{"rendered":"\n<h1 class=\"wp-block-heading\">Conditions G\u00e9n\u00e9rales<\/h1>\n\n\n\n<h1 class=\"wp-block-heading\">Conditions g\u00e9n\u00e9rales d\u2019utilisation (CGU)<\/h1>\n\n\n\n<h3 class=\"wp-block-heading\">Adh\u00e9sion aux CGU<\/h3>\n\n\n\n<p>Cette page vous indique les conditions dans lesquelles vous pouvez utiliser ce site Web (notre Site).\u2028Veuillez lire attentivement les pr\u00e9sentes conditions d\u2019utilisation avant de commencer \u00e0 utiliser le Site. En utilisant notre Site, vous reconnaissez que vous acceptez de vous conformer \u00e0 ces conditions d\u2019utilisation.<\/p>\n\n\n\n<p>Si vous n\u2019acceptez pas ces conditions d\u2019utilisation, veuillez-vous abstenir d\u2019utiliser notre Site.\u2028Nous pouvons r\u00e9viser ces conditions d\u2019utilisation \u00e0 tout moment en modifiant cette page ou les politiques suppl\u00e9mentaires \u00e9num\u00e9r\u00e9es ci-dessous.<\/p>\n\n\n\n<p>Vous \u00eates tenu de consulter cette page, ainsi que les politiques suppl\u00e9mentaires \u00e9num\u00e9r\u00e9es ci-dessous, de temps \u00e0 autre et de prendre note de tout changement que nous avons apport\u00e9, car elles vous engagent si vous utilisez le Site.<\/p>\n\n\n\n<p>Outre les pr\u00e9sentes conditions d\u2019utilisation, nous vous invitons \u00e9galement \u00e0 consulter notre Charte de confidentialit\u00e9 et notre politique de cookies qui exposent la mani\u00e8re dont nous traitons les donn\u00e9es personnelles que vous nous fournissez, ainsi que l\u2019\u2019utilisation des cookies par notre Site.<\/p>\n\n\n\n<h2 class=\"wp-block-heading\">Mentions l\u00e9gales<\/h2>\n\n\n\n<h3 class=\"wp-block-heading\">H\u00e9bergeur<\/h3>\n\n\n\n<p>Ce site est h\u00e9berg\u00e9 par WPEngine, Inc, 504 Lavaca St., Ste. 1000, Austin, Texas 78701<\/p>\n\n\n\n<h3 class=\"wp-block-heading\">Editeur du site<\/h3>\n\n\n\n<p>VISUfarma, soci\u00e9t\u00e9 par actions simplifi\u00e9e au capital de 722.891,00\u20ac, immatricul\u00e9e au Registre du commerce et des soci\u00e9t\u00e9s de Grasse sous le num\u00e9ro 450\u00a0923\u00a0602, dont le si\u00e8ge social se situe Joop Geesinkweg 601 |\u00a01114 AB | Amsterdam- Duivendrecht | The Netherlands.<\/p>\n\n\n\n<p>Adresse courriel de contact&nbsp;: info@visufarma.com<\/p>\n\n\n\n<h3 class=\"wp-block-heading\">Directeur de la publication&nbsp;: [A PRECISER]<\/h3>\n\n\n\n<h2 class=\"wp-block-heading\">Acc\u00e8s \u00e0 notre Site<\/h2>\n\n\n\n<p>L\u2019acc\u00e8s \u00e0 notre Site est autoris\u00e9 sur une base temporaire, et nous nous r\u00e9servons le droit de retirer ou de modifier le service ou le contenu que nous fournissons sur notre Site sans pr\u00e9avis.<\/p>\n\n\n\n<p>Nous ne prenons aucun engagement et ne garantissons pas que notre Site sera disponible en tout temps et, de temps \u00e0 autre, nous pourrions \u00eatre amen\u00e9s \u00e0 restreindre l\u2019acc\u00e8s \u00e0 certaines parties de notre Site, ou \u00e0 l\u2019ensemble de notre Site.<\/p>\n\n\n\n<h2 class=\"wp-block-heading\">Droits de propri\u00e9t\u00e9 intellectuelle<\/h2>\n\n\n\n<p>Sauf stipulation contraire, VISUfarma est propri\u00e9taire ou licenci\u00e9 de tous les droits de propri\u00e9t\u00e9 intellectuelle des \u00e9l\u00e9ments visuels et marques (d\u00e9pos\u00e9es \u00e0 ce titre ou non) sur l\u2019ensemble du Site et son contenu. Sous peine de poursuites, vous ne pouvez ainsi en aucun cas copier, modifier, alt\u00e9rer, publier, distribuer, vendre ou transf\u00e9rer tout ou partie de notre Site.<\/p>\n\n\n\n<p>Vous \u00eates autoris\u00e9 \u00e0 imprimer, copier et t\u00e9l\u00e9charger des extraits de toute(s) page(s) de notre Site pour votre usage personnel et non commercial, \u00e0 condition que notre Site soit express\u00e9ment mentionn\u00e9 comme source de ces \u00e9l\u00e9ments. Vous ne devez en aucun cas modifier de quelque fa\u00e7on que ce soit les copies papier des documents que vous avez imprim\u00e9s ou copi\u00e9s, ou les copies num\u00e9riques des documents que vous avez t\u00e9l\u00e9charg\u00e9s. Lorsque des illustrations, des photographies, des s\u00e9quences vid\u00e9o ou audio ou des graphiques sont reproduits, tout texte d\u2019accompagnement doit \u00e9galement \u00eatre inclus.<\/p>\n\n\n\n<p>Si une reproduction de mat\u00e9riel contrevient aux pr\u00e9sentes conditions d\u2019utilisation, votre droit d\u2019utiliser notre site cessera imm\u00e9diatement et vous devrez, \u00e0 notre gr\u00e9, retourner ou d\u00e9truire toute copie du mat\u00e9riel que vous avez faite.<\/p>\n\n\n\n<h2 class=\"wp-block-heading\">Information donn\u00e9es sur le Site<\/h2>\n\n\n\n<p>Les informations\/donn\u00e9es et plus g\u00e9n\u00e9ralement, tout le contenu affich\u00e9 sur notre Site ne peuvent \u00eatre consid\u00e9r\u00e9s comme constituant un avis m\u00e9dical, un diagnostic, ou une consultation m\u00e9dicale.<\/p>\n\n\n\n<p>Nous nous effor\u00e7ons de mettre \u00e0 jour notre Site r\u00e9guli\u00e8rement ; toutefois, les informations pr\u00e9sentes sur notre Site peuvent ne plus \u00eatre valables. Nous ne sommes aucunement tenus de mettre \u00e0 jour ce mat\u00e9riel, et nous n\u2019apportons aucune garantie que le contenu du Site est exact ou complet.<\/p>\n\n\n\n<h2 class=\"wp-block-heading\">Liens de notre site<\/h2>\n\n\n\n<p>Lorsque notre Site contient des liens vers des sites ou des documents\/ressources tiers, ces liens sont fournis \u00e0 titre informatif seulement. Veuillez-vous assurer d\u2019avoir lu les conditions g\u00e9n\u00e9rales et les politiques de confidentialit\u00e9 de tout site tiers que vous seriez amen\u00e9 \u00e0 visiter \u00e0 partir de notre Site.<\/p>\n\n\n\n<h2 class=\"wp-block-heading\">Juridiction comp\u00e9tente et droit applicable<\/h2>\n\n\n\n<p>Le Site et son contenu sont soumis \u00e0 la loi Fran\u00e7aise, et tous litiges, recours ou r\u00e9clamations li\u00e9 au Site web et \u00e0 son contenu sont de la comp\u00e9tence exclusive des tribunaux fran\u00e7ais<\/p>\n","protected":false},"excerpt":{"rendered":"<p>Conditions G\u00e9n\u00e9rales Conditions g\u00e9n\u00e9rales d\u2019utilisation (CGU) Adh\u00e9sion aux CGU Cette page vous indique les conditions dans lesquelles vous pouvez utiliser ce site Web (notre Site).\u2028Veuillez lire attentivement les pr\u00e9sentes conditions d\u2019utilisation avant de commencer \u00e0 utiliser le Site. En utilisant notre Site, vous reconnaissez que vous acceptez de vous conformer \u00e0 ces conditions d\u2019utilisation. Si [&hellip;]<\/p>\n","protected":false},"author":16,"featured_media":0,"parent":0,"menu_order":0,"comment_status":"closed","ping_status":"closed","template":"","meta":{"_acf_changed":false,"footnotes":""},"class_list":["post-21","page","type-page","status-publish","hentry"],"acf":[],"yoast_head":"<!-- This site is optimized with the Yoast SEO plugin v26.5 - https:\/\/yoast.com\/wordpress\/plugins\/seo\/ -->\r\n<title>Conditions g\u00e9n\u00e9rales - VISUfarma FR<\/title>\r\n<meta name=\"robots\" content=\"index, follow, max-snippet:-1, max-image-preview:large, max-video-preview:-1\" \/>\r\n<link rel=\"canonical\" href=\"https:\/\/www.visufarma.com\/fr\/terms-conditions\/\" \/>\r\n<meta property=\"og:locale\" content=\"fr_FR\" \/>\r\n<meta property=\"og:type\" content=\"article\" \/>\r\n<meta property=\"og:title\" content=\"Conditions g\u00e9n\u00e9rales - VISUfarma FR\" \/>\r\n<meta property=\"og:description\" content=\"Conditions G\u00e9n\u00e9rales Conditions g\u00e9n\u00e9rales d\u2019utilisation (CGU) Adh\u00e9sion aux CGU Cette page vous indique les conditions dans lesquelles vous pouvez utiliser ce site Web (notre Site).\u2028Veuillez lire attentivement les pr\u00e9sentes conditions d\u2019utilisation avant de commencer \u00e0 utiliser le Site. En utilisant notre Site, vous reconnaissez que vous acceptez de vous conformer \u00e0 ces conditions d\u2019utilisation. Si [&hellip;]\" \/>\r\n<meta property=\"og:url\" content=\"https:\/\/www.visufarma.com\/fr\/terms-conditions\/\" \/>\r\n<meta property=\"og:site_name\" content=\"VISUfarma FR\" \/>\r\n<meta property=\"article:modified_time\" content=\"2025-07-09T16:36:30+00:00\" \/>\r\n<meta name=\"twitter:card\" content=\"summary_large_image\" \/>\r\n<meta name=\"twitter:label1\" content=\"Est. reading time\" \/>\n\t<meta name=\"twitter:data1\" content=\"4 minutes\" \/>\r\n<script type=\"application\/ld+json\" class=\"yoast-schema-graph\">{\"@context\":\"https:\/\/schema.org\",\"@graph\":[{\"@type\":\"WebPage\",\"@id\":\"https:\/\/www.visufarma.com\/fr\/terms-conditions\/\",\"url\":\"https:\/\/www.visufarma.com\/fr\/terms-conditions\/\",\"name\":\"Conditions g\u00e9n\u00e9rales - VISUfarma FR\",\"isPartOf\":{\"@id\":\"https:\/\/www.visufarma.com\/fr\/#website\"},\"datePublished\":\"2021-06-01T11:38:59+00:00\",\"dateModified\":\"2025-07-09T16:36:30+00:00\",\"breadcrumb\":{\"@id\":\"https:\/\/www.visufarma.com\/fr\/terms-conditions\/#breadcrumb\"},\"inLanguage\":\"fr-FR\",\"potentialAction\":[{\"@type\":\"ReadAction\",\"target\":[\"https:\/\/www.visufarma.com\/fr\/terms-conditions\/\"]}]},{\"@type\":\"BreadcrumbList\",\"@id\":\"https:\/\/www.visufarma.com\/fr\/terms-conditions\/#breadcrumb\",\"itemListElement\":[{\"@type\":\"ListItem\",\"position\":1,\"name\":\"Home\",\"item\":\"https:\/\/www.visufarma.com\/fr\/\"},{\"@type\":\"ListItem\",\"position\":2,\"name\":\"Conditions g\u00e9n\u00e9rales\"}]},{\"@type\":\"WebSite\",\"@id\":\"https:\/\/www.visufarma.com\/fr\/#website\",\"url\":\"https:\/\/www.visufarma.com\/fr\/\",\"name\":\"VISUfarma FR\",\"description\":\"\",\"potentialAction\":[{\"@type\":\"SearchAction\",\"target\":{\"@type\":\"EntryPoint\",\"urlTemplate\":\"https:\/\/www.visufarma.com\/fr\/?s={search_term_string}\"},\"query-input\":{\"@type\":\"PropertyValueSpecification\",\"valueRequired\":true,\"valueName\":\"search_term_string\"}}],\"inLanguage\":\"fr-FR\"}]}<\/script>\r\n<!-- \/ Yoast SEO plugin. -->","yoast_head_json":{"title":"Conditions g\u00e9n\u00e9rales - VISUfarma FR","robots":{"index":"index","follow":"follow","max-snippet":"max-snippet:-1","max-image-preview":"max-image-preview:large","max-video-preview":"max-video-preview:-1"},"canonical":"https:\/\/www.visufarma.com\/fr\/terms-conditions\/","og_locale":"fr_FR","og_type":"article","og_title":"Conditions g\u00e9n\u00e9rales - VISUfarma FR","og_description":"Conditions G\u00e9n\u00e9rales Conditions g\u00e9n\u00e9rales d\u2019utilisation (CGU) Adh\u00e9sion aux CGU Cette page vous indique les conditions dans lesquelles vous pouvez utiliser ce site Web (notre Site).\u2028Veuillez lire attentivement les pr\u00e9sentes conditions d\u2019utilisation avant de commencer \u00e0 utiliser le Site. En utilisant notre Site, vous reconnaissez que vous acceptez de vous conformer \u00e0 ces conditions d\u2019utilisation. Si [&hellip;]","og_url":"https:\/\/www.visufarma.com\/fr\/terms-conditions\/","og_site_name":"VISUfarma FR","article_modified_time":"2025-07-09T16:36:30+00:00","twitter_card":"summary_large_image","twitter_misc":{"Est. reading time":"4 minutes"},"schema":{"@context":"https:\/\/schema.org","@graph":[{"@type":"WebPage","@id":"https:\/\/www.visufarma.com\/fr\/terms-conditions\/","url":"https:\/\/www.visufarma.com\/fr\/terms-conditions\/","name":"Conditions g\u00e9n\u00e9rales - VISUfarma FR","isPartOf":{"@id":"https:\/\/www.visufarma.com\/fr\/#website"},"datePublished":"2021-06-01T11:38:59+00:00","dateModified":"2025-07-09T16:36:30+00:00","breadcrumb":{"@id":"https:\/\/www.visufarma.com\/fr\/terms-conditions\/#breadcrumb"},"inLanguage":"fr-FR","potentialAction":[{"@type":"ReadAction","target":["https:\/\/www.visufarma.com\/fr\/terms-conditions\/"]}]},{"@type":"BreadcrumbList","@id":"https:\/\/www.visufarma.com\/fr\/terms-conditions\/#breadcrumb","itemListElement":[{"@type":"ListItem","position":1,"name":"Home","item":"https:\/\/www.visufarma.com\/fr\/"},{"@type":"ListItem","position":2,"name":"Conditions g\u00e9n\u00e9rales"}]},{"@type":"WebSite","@id":"https:\/\/www.visufarma.com\/fr\/#website","url":"https:\/\/www.visufarma.com\/fr\/","name":"VISUfarma FR","description":"","potentialAction":[{"@type":"SearchAction","target":{"@type":"EntryPoint","urlTemplate":"https:\/\/www.visufarma.com\/fr\/?s={search_term_string}"},"query-input":{"@type":"PropertyValueSpecification","valueRequired":true,"valueName":"search_term_string"}}],"inLanguage":"fr-FR"}]}},"_links":{"self":[{"href":"https:\/\/www.visufarma.com\/fr\/wp-json\/wp\/v2\/pages\/21","targetHints":{"allow":["GET"]}}],"collection":[{"href":"https:\/\/www.visufarma.com\/fr\/wp-json\/wp\/v2\/pages"}],"about":[{"href":"https:\/\/www.visufarma.com\/fr\/wp-json\/wp\/v2\/types\/page"}],"author":[{"embeddable":true,"href":"https:\/\/www.visufarma.com\/fr\/wp-json\/wp\/v2\/users\/16"}],"replies":[{"embeddable":true,"href":"https:\/\/www.visufarma.com\/fr\/wp-json\/wp\/v2\/comments?post=21"}],"version-history":[{"count":6,"href":"https:\/\/www.visufarma.com\/fr\/wp-json\/wp\/v2\/pages\/21\/revisions"}],"predecessor-version":[{"id":616,"href":"https:\/\/www.visufarma.com\/fr\/wp-json\/wp\/v2\/pages\/21\/revisions\/616"}],"wp:attachment":[{"href":"https:\/\/www.visufarma.com\/fr\/wp-json\/wp\/v2\/media?parent=21"}],"curies":[{"name":"wp","href":"https:\/\/api.w.org\/{rel}","templated":true}]}}