{"id":9,"date":"2021-06-01T11:37:38","date_gmt":"2021-06-01T11:37:38","guid":{"rendered":"http:\/\/40.69.60.126.nip.io\/fr\/?page_id=9"},"modified":"2021-06-30T13:46:41","modified_gmt":"2021-06-30T13:46:41","slug":"cookies","status":"publish","type":"page","link":"https:\/\/www.visufarma.com\/fr\/cookies\/","title":{"rendered":"Cookies"},"content":{"rendered":"\n<h2 class=\"wp-block-heading\"><strong><strong>Politique relative aux cookies de VISUfarma<\/strong><\/strong><\/h2>\n\n\n\n<h3 class=\"wp-block-heading\"><strong><strong>Politique relative aux cookies de VISUfarma<\/strong><\/strong><\/h3>\n\n\n\n<h1 class=\"wp-block-heading\"><strong>Cookies<\/strong><\/h1>\n\n\n\n<p>Updated: April 2021<\/p>\n\n\n\n<h3 class=\"wp-block-heading\"><strong><strong>A propos de cette politique relative aux cookies<\/strong><\/strong><\/h3>\n\n\n\n<p>La pr\u00e9sente politique relative aux cookies explique comment et pourquoi nous utilisons des cookies sur ce site Web (notre Site). En bref, les cookies nous aident \u00e0 fournir nos services. Veuillez lire attentivement cette politique relative aux cookies avant de commencer \u00e0 utiliser le Site. En poursuivant votre navigation sur notre Site, vous indiquez que vous acceptez cette utilisation des cookies. Si vous ne souhaitez pas que des cookies soient stock\u00e9s sur votre appareil lors de l&#8217;utilisation de notre Site, vous pouvez modifier les param\u00e8tres de votre navigateur pour restreindre ou bloquer les cookies. Cependant, veuillez noter que cela peut avoir un impact sur votre exp\u00e9rience utilisateur sur notre site.<\/p>\n\n\n\n<h3 class=\"wp-block-heading\"><strong><strong>Que sont les cookies?<\/strong><\/strong><\/h3>\n\n\n\n<p>Les cookies sont de petits fichiers qui sont plac\u00e9s sur votre ordinateur lorsque vous visitez un site Web. Les cookies permettent au site Web de reconna\u00eetre votre navigateur et de vous distinguer des autres utilisateurs du site en lisant le contenu du cookie chaque fois que l&#8217;utilisateur visite le site. Ils aident les sites Web \u00e0 am\u00e9liorer l&#8217;exp\u00e9rience de navigation de leurs utilisateurs, ainsi qu&#8217;\u00e0 fournir des informations commerciales et marketing au propri\u00e9taire du site Web.<\/p>\n\n\n\n<h3 class=\"wp-block-heading\"><strong><strong>Les types de cookies que nous utilisons<\/strong><\/strong><\/h3>\n\n\n\n<ul class=\"wp-block-list\"><li>Cookies strictement n\u00e9cessaires : Ces cookies sont essentiels au fonctionnement d&#8217;un site Web et \u00e0 l&#8217;utilisation de ses fonctionnalit\u00e9s.<\/li><li>Cookies strictement n\u00e9cessaires : Ces cookies sont essentiels au fonctionnement d&#8217;un site Web et \u00e0 l&#8217;utilisation de ses fonctionnalit\u00e9s.<\/li><li>Cookies de fonctionnalit\u00e9 : Ces cookies nous permettent de nous souvenir de vous et de vos pr\u00e9f\u00e9rences lorsque vous revenez sur notre Site, par exemple votre choix de langue ou de r\u00e9gion. Ces cookies nous aident \u00e0 personnaliser votre exp\u00e9rience sur notre Site.<\/li><li>Cookies de ciblage\u00a0: ces cookies sont utilis\u00e9s pour am\u00e9liorer la pertinence du contenu affich\u00e9 sur nos sites Web en fonction de vos int\u00e9r\u00eats.<\/li><\/ul>\n\n\n\n<h3 class=\"wp-block-heading\"><strong><strong>Cookies tiers<\/strong><\/strong><\/h3>\n\n\n\n<p>Veuillez noter que les sites Web de tiers qui ont des liens au sein de notre site peuvent \u00e9galement utiliser des cookies. Nous n&#8217;avons aucun contr\u00f4le sur l&#8217;utilisation des cookies par des sites tiers. Veuillez-vous assurer de lire les politiques en mati\u00e8re de cookies sur tout site tiers vers lequel vous \u00eates dirig\u00e9.<\/p>\n\n\n\n<h3 class=\"wp-block-heading\"><strong><strong>Plus d\u2019information<\/strong><\/strong><\/h3>\n\n\n\n<p>Vous trouverez de plus amples informations sur les cookies individuels que nous utilisons et les raisons de cette utilisation dans le tableau ci-dessous :<\/p>\n\n\n\n<figure class=\"wp-block-table\"><table><tbody><tr><td><strong>Nom du cookie<\/strong><\/td><td><strong>Date d\u2019expiration<\/strong><strong><\/strong><\/td><td><strong>Description<\/strong><strong><\/strong><\/td><\/tr><tr><td>_icl_current_language<\/td><td>1 jour<\/td><td>Enregistre la langue pr\u00e9f\u00e9r\u00e9e de l&#8217;utilisateur sur le site Web.<\/td><\/tr><tr><td>wpml_referer_url<\/td><td>Fin de la session du navigateur<\/td><td>N\u00e9cessaire pour maintenir les param\u00e8tres de langue sur les sous-pages du site Web<\/td><\/tr><tr><td>_ga<\/td><td>2 ans<\/td><td>Google Analytics &#8211; Utilis\u00e9 pour distinguer les utilisateurs&nbsp;&nbsp;<\/td><\/tr><tr><td>_gat<\/td><td>1 jour<\/td><td>Google Analytics &#8211; Utilis\u00e9 pour limiter le taux de demande<\/td><\/tr><tr><td>_gid<\/td><td>1 jour<\/td><td>Google Analytics &#8211; Enregistre un identifiant unique qui est utilis\u00e9 pour g\u00e9n\u00e9rer des donn\u00e9es statistiques sur la fa\u00e7on dont le visiteur utilise le site Web<\/td><\/tr><tr><td>lang<\/td><td>1 jour<\/td><td>LinkedIn \u2013 Se souvient des pr\u00e9f\u00e9rences linguistiques s\u00e9lectionn\u00e9es par l\u2019utilisateur sur un site Web<\/td><\/tr><tr><td>AnalyticsSyncHistory<\/td><td>30 jours<\/td><td>LinkedIn &#8211; Utilis\u00e9 dans le cadre de la synchronisation des donn\u00e9es avec un service d&#8217;analyse tiers<\/td><\/tr><tr><td>bcookie<\/td><td>2 ans<\/td><td>LinkedIn &#8211; Cookie de navigateur permettant d\u2019identifier chaque appareil acc\u00e9dant \u00e0 LinkedIn afin de d\u00e9tecter tout abus sur la plateforme<\/td><\/tr><tr><td>bscookie<\/td><td>2 ans<\/td><td>LinkedIn &#8211; Utilis\u00e9 pour enregistrer le statut de 2FA d\u2019un utilisateur connect\u00e9<\/td><\/tr><tr><td>lidc<\/td><td>1 jour<\/td><td>LinkedIn &#8211; Pour optimiser la s\u00e9lection des centres de donn\u00e9es<\/td><\/tr><tr><td>UserMatchHistory<\/td><td>30 jours<\/td><td>Synchronisation des identifiants LinkedIn Ads<\/td><\/tr><\/tbody><\/table><\/figure>\n\n\n\n<h3 class=\"wp-block-heading\"><strong><strong>G\u00e9rer vos param\u00e8tres<\/strong><\/strong><\/h3>\n\n\n\n<p>Vous pouvez en savoir plus sur la gestion de vos cookies en consultant la fonction \u00ab\u00a0aide\u00a0\u00bb de votre navigateur, les param\u00e8tres de votre appareil mobile ou en visitant www.aboutcookies.org qui fournit des informations d\u00e9taill\u00e9es sur la gestion des cookies sur les navigateurs couramment utilis\u00e9s. Veuillez noter que si vous d\u00e9sactivez les cookies, certaines parties de nos sites Web peuvent ne pas fonctionner correctement.<\/p>\n","protected":false},"excerpt":{"rendered":"<p>Politique relative aux cookies de VISUfarma Politique relative aux cookies de VISUfarma Cookies Updated: April 2021 A propos de cette politique relative aux cookies La pr\u00e9sente politique relative aux cookies explique comment et pourquoi nous utilisons des cookies sur ce site Web (notre Site). En bref, les cookies nous aident \u00e0 fournir nos services. Veuillez [&hellip;]<\/p>\n","protected":false},"author":16,"featured_media":0,"parent":0,"menu_order":0,"comment_status":"closed","ping_status":"closed","template":"","meta":{"_acf_changed":false,"footnotes":""},"class_list":["post-9","page","type-page","status-publish","hentry"],"acf":[],"yoast_head":"<!-- This site is optimized with the Yoast SEO plugin v26.5 - https:\/\/yoast.com\/wordpress\/plugins\/seo\/ -->\r\n<title>Cookies - VISUfarma FR<\/title>\r\n<meta name=\"robots\" content=\"index, follow, max-snippet:-1, max-image-preview:large, max-video-preview:-1\" \/>\r\n<link rel=\"canonical\" href=\"https:\/\/www.visufarma.com\/fr\/cookies\/\" \/>\r\n<meta property=\"og:locale\" content=\"fr_FR\" \/>\r\n<meta property=\"og:type\" content=\"article\" \/>\r\n<meta property=\"og:title\" content=\"Cookies - VISUfarma FR\" \/>\r\n<meta property=\"og:description\" content=\"Politique relative aux cookies de VISUfarma Politique relative aux cookies de VISUfarma Cookies Updated: April 2021 A propos de cette politique relative aux cookies La pr\u00e9sente politique relative aux cookies explique comment et pourquoi nous utilisons des cookies sur ce site Web (notre Site). En bref, les cookies nous aident \u00e0 fournir nos services. Veuillez [&hellip;]\" \/>\r\n<meta property=\"og:url\" content=\"https:\/\/www.visufarma.com\/fr\/cookies\/\" \/>\r\n<meta property=\"og:site_name\" content=\"VISUfarma FR\" \/>\r\n<meta property=\"article:modified_time\" content=\"2021-06-30T13:46:41+00:00\" \/>\r\n<meta name=\"twitter:card\" content=\"summary_large_image\" \/>\r\n<meta name=\"twitter:label1\" content=\"Est. reading time\" \/>\n\t<meta name=\"twitter:data1\" content=\"3 minutes\" \/>\r\n<script type=\"application\/ld+json\" class=\"yoast-schema-graph\">{\"@context\":\"https:\/\/schema.org\",\"@graph\":[{\"@type\":\"WebPage\",\"@id\":\"https:\/\/www.visufarma.com\/fr\/cookies\/\",\"url\":\"https:\/\/www.visufarma.com\/fr\/cookies\/\",\"name\":\"Cookies - VISUfarma FR\",\"isPartOf\":{\"@id\":\"https:\/\/www.visufarma.com\/fr\/#website\"},\"datePublished\":\"2021-06-01T11:37:38+00:00\",\"dateModified\":\"2021-06-30T13:46:41+00:00\",\"breadcrumb\":{\"@id\":\"https:\/\/www.visufarma.com\/fr\/cookies\/#breadcrumb\"},\"inLanguage\":\"fr-FR\",\"potentialAction\":[{\"@type\":\"ReadAction\",\"target\":[\"https:\/\/www.visufarma.com\/fr\/cookies\/\"]}]},{\"@type\":\"BreadcrumbList\",\"@id\":\"https:\/\/www.visufarma.com\/fr\/cookies\/#breadcrumb\",\"itemListElement\":[{\"@type\":\"ListItem\",\"position\":1,\"name\":\"Home\",\"item\":\"https:\/\/www.visufarma.com\/fr\/\"},{\"@type\":\"ListItem\",\"position\":2,\"name\":\"Cookies\"}]},{\"@type\":\"WebSite\",\"@id\":\"https:\/\/www.visufarma.com\/fr\/#website\",\"url\":\"https:\/\/www.visufarma.com\/fr\/\",\"name\":\"VISUfarma FR\",\"description\":\"\",\"potentialAction\":[{\"@type\":\"SearchAction\",\"target\":{\"@type\":\"EntryPoint\",\"urlTemplate\":\"https:\/\/www.visufarma.com\/fr\/?s={search_term_string}\"},\"query-input\":{\"@type\":\"PropertyValueSpecification\",\"valueRequired\":true,\"valueName\":\"search_term_string\"}}],\"inLanguage\":\"fr-FR\"}]}<\/script>\r\n<!-- \/ Yoast SEO plugin. -->","yoast_head_json":{"title":"Cookies - VISUfarma FR","robots":{"index":"index","follow":"follow","max-snippet":"max-snippet:-1","max-image-preview":"max-image-preview:large","max-video-preview":"max-video-preview:-1"},"canonical":"https:\/\/www.visufarma.com\/fr\/cookies\/","og_locale":"fr_FR","og_type":"article","og_title":"Cookies - VISUfarma FR","og_description":"Politique relative aux cookies de VISUfarma Politique relative aux cookies de VISUfarma Cookies Updated: April 2021 A propos de cette politique relative aux cookies La pr\u00e9sente politique relative aux cookies explique comment et pourquoi nous utilisons des cookies sur ce site Web (notre Site). En bref, les cookies nous aident \u00e0 fournir nos services. Veuillez [&hellip;]","og_url":"https:\/\/www.visufarma.com\/fr\/cookies\/","og_site_name":"VISUfarma FR","article_modified_time":"2021-06-30T13:46:41+00:00","twitter_card":"summary_large_image","twitter_misc":{"Est. reading time":"3 minutes"},"schema":{"@context":"https:\/\/schema.org","@graph":[{"@type":"WebPage","@id":"https:\/\/www.visufarma.com\/fr\/cookies\/","url":"https:\/\/www.visufarma.com\/fr\/cookies\/","name":"Cookies - VISUfarma FR","isPartOf":{"@id":"https:\/\/www.visufarma.com\/fr\/#website"},"datePublished":"2021-06-01T11:37:38+00:00","dateModified":"2021-06-30T13:46:41+00:00","breadcrumb":{"@id":"https:\/\/www.visufarma.com\/fr\/cookies\/#breadcrumb"},"inLanguage":"fr-FR","potentialAction":[{"@type":"ReadAction","target":["https:\/\/www.visufarma.com\/fr\/cookies\/"]}]},{"@type":"BreadcrumbList","@id":"https:\/\/www.visufarma.com\/fr\/cookies\/#breadcrumb","itemListElement":[{"@type":"ListItem","position":1,"name":"Home","item":"https:\/\/www.visufarma.com\/fr\/"},{"@type":"ListItem","position":2,"name":"Cookies"}]},{"@type":"WebSite","@id":"https:\/\/www.visufarma.com\/fr\/#website","url":"https:\/\/www.visufarma.com\/fr\/","name":"VISUfarma FR","description":"","potentialAction":[{"@type":"SearchAction","target":{"@type":"EntryPoint","urlTemplate":"https:\/\/www.visufarma.com\/fr\/?s={search_term_string}"},"query-input":{"@type":"PropertyValueSpecification","valueRequired":true,"valueName":"search_term_string"}}],"inLanguage":"fr-FR"}]}},"_links":{"self":[{"href":"https:\/\/www.visufarma.com\/fr\/wp-json\/wp\/v2\/pages\/9","targetHints":{"allow":["GET"]}}],"collection":[{"href":"https:\/\/www.visufarma.com\/fr\/wp-json\/wp\/v2\/pages"}],"about":[{"href":"https:\/\/www.visufarma.com\/fr\/wp-json\/wp\/v2\/types\/page"}],"author":[{"embeddable":true,"href":"https:\/\/www.visufarma.com\/fr\/wp-json\/wp\/v2\/users\/16"}],"replies":[{"embeddable":true,"href":"https:\/\/www.visufarma.com\/fr\/wp-json\/wp\/v2\/comments?post=9"}],"version-history":[{"count":5,"href":"https:\/\/www.visufarma.com\/fr\/wp-json\/wp\/v2\/pages\/9\/revisions"}],"predecessor-version":[{"id":482,"href":"https:\/\/www.visufarma.com\/fr\/wp-json\/wp\/v2\/pages\/9\/revisions\/482"}],"wp:attachment":[{"href":"https:\/\/www.visufarma.com\/fr\/wp-json\/wp\/v2\/media?parent=9"}],"curies":[{"name":"wp","href":"https:\/\/api.w.org\/{rel}","templated":true}]}}